{"id":1169,"date":"2022-02-15T17:42:49","date_gmt":"2022-02-15T17:42:49","guid":{"rendered":"https:\/\/hobbesontour.com\/?page_id=1169"},"modified":"2022-02-17T17:20:36","modified_gmt":"2022-02-17T17:20:36","slug":"2020-tunesien-durch-die-wueste-der-sahara","status":"publish","type":"page","link":"https:\/\/hobbesontour.com\/?page_id=1169","title":{"rendered":"2020 &#8212; Tunesien (Sahara)"},"content":{"rendered":"\n<p>Ein Traum wurde wahr &#8230; bzw. hab ich mich dieses Abenteur endlich mal getraut. Ein Anbieter aus Landsberg organisiert Meditationsreisen, unter anderem auch durch die W\u00fcste im Norden Tunesiens.<\/p>\n\n\n\n<p>Mit dem Flugzeug ging es nach Djerba wo wir alle uns getroffen haben. Dann fuhren wir mit einem Kleinbus in die W\u00fcstenstadt Douz.<\/p>\n\n\n\n<p>Am n\u00e4chsten Morgen trafen wir dann die Beduinen mit ihren Kamelen. Mehrere Lastkamele und ein paar Reitkamele wurden die darauf folgenden Tage von Ihnen mit uns durch die D\u00fcnenlandschaften der n\u00f6rdlichen Sahara gef\u00fchrt.<\/p>\n\n\n\n<p>Nachts schliefen wir auf Matratzenlagern und Decken in Schlafs\u00e4cken (ich auch im Zelt) unter dem Sternenhimmel.<\/p>\n\n\n\n<p>Die Fotos denk ich sprechen f\u00fcr sich.<\/p>\n\n\n\n<figure class=\"wp-block-gallery has-nested-images columns-default is-cropped wp-block-gallery-1 is-layout-flex wp-block-gallery-is-layout-flex\">\n<figure class=\"wp-block-image size-large\"><img loading=\"lazy\" decoding=\"async\" width=\"1024\" height=\"768\" data-id=\"1177\" src=\"https:\/\/hobbesontour.com\/wp-content\/uploads\/2022\/02\/20200312_082234-1024x768.jpg\" alt=\"\" class=\"wp-image-1177\" srcset=\"https:\/\/hobbesontour.com\/wp-content\/uploads\/2022\/02\/20200312_082234-1024x768.jpg 1024w, https:\/\/hobbesontour.com\/wp-content\/uploads\/2022\/02\/20200312_082234-300x225.jpg 300w, https:\/\/hobbesontour.com\/wp-content\/uploads\/2022\/02\/20200312_082234-768x576.jpg 768w, https:\/\/hobbesontour.com\/wp-content\/uploads\/2022\/02\/20200312_082234-1536x1152.jpg 1536w, https:\/\/hobbesontour.com\/wp-content\/uploads\/2022\/02\/20200312_082234-2048x1536.jpg 2048w, https:\/\/hobbesontour.com\/wp-content\/uploads\/2022\/02\/20200312_082234-1140x855.jpg 1140w\" sizes=\"auto, (max-width: 1024px) 100vw, 1024px\" \/><figcaption>Markt in Dout<\/figcaption><\/figure>\n\n\n\n<figure class=\"wp-block-image size-large\"><img loading=\"lazy\" decoding=\"async\" width=\"1024\" height=\"768\" data-id=\"1179\" src=\"https:\/\/hobbesontour.com\/wp-content\/uploads\/2022\/02\/20200312_082500-1024x768.jpg\" alt=\"\" class=\"wp-image-1179\" srcset=\"https:\/\/hobbesontour.com\/wp-content\/uploads\/2022\/02\/20200312_082500-1024x768.jpg 1024w, https:\/\/hobbesontour.com\/wp-content\/uploads\/2022\/02\/20200312_082500-300x225.jpg 300w, https:\/\/hobbesontour.com\/wp-content\/uploads\/2022\/02\/20200312_082500-768x576.jpg 768w, https:\/\/hobbesontour.com\/wp-content\/uploads\/2022\/02\/20200312_082500-1536x1152.jpg 1536w, https:\/\/hobbesontour.com\/wp-content\/uploads\/2022\/02\/20200312_082500-2048x1536.jpg 2048w, https:\/\/hobbesontour.com\/wp-content\/uploads\/2022\/02\/20200312_082500-1140x855.jpg 1140w\" sizes=\"auto, (max-width: 1024px) 100vw, 1024px\" \/><figcaption>Bunte auswahl<\/figcaption><\/figure>\n\n\n\n<figure class=\"wp-block-image size-large\"><img loading=\"lazy\" decoding=\"async\" width=\"1024\" height=\"768\" data-id=\"1171\" src=\"https:\/\/hobbesontour.com\/wp-content\/uploads\/2022\/02\/20200312_104537-1024x768.jpg\" alt=\"\" class=\"wp-image-1171\" srcset=\"https:\/\/hobbesontour.com\/wp-content\/uploads\/2022\/02\/20200312_104537-1024x768.jpg 1024w, https:\/\/hobbesontour.com\/wp-content\/uploads\/2022\/02\/20200312_104537-300x225.jpg 300w, https:\/\/hobbesontour.com\/wp-content\/uploads\/2022\/02\/20200312_104537-768x576.jpg 768w, https:\/\/hobbesontour.com\/wp-content\/uploads\/2022\/02\/20200312_104537-1536x1152.jpg 1536w, https:\/\/hobbesontour.com\/wp-content\/uploads\/2022\/02\/20200312_104537-2048x1536.jpg 2048w, https:\/\/hobbesontour.com\/wp-content\/uploads\/2022\/02\/20200312_104537-1140x855.jpg 1140w\" sizes=\"auto, (max-width: 1024px) 100vw, 1024px\" \/><\/figure>\n\n\n\n<figure class=\"wp-block-image size-large\"><img loading=\"lazy\" decoding=\"async\" width=\"1024\" height=\"768\" data-id=\"1176\" src=\"https:\/\/hobbesontour.com\/wp-content\/uploads\/2022\/02\/20200312_122158-1024x768.jpg\" alt=\"\" class=\"wp-image-1176\" srcset=\"https:\/\/hobbesontour.com\/wp-content\/uploads\/2022\/02\/20200312_122158-1024x768.jpg 1024w, https:\/\/hobbesontour.com\/wp-content\/uploads\/2022\/02\/20200312_122158-300x225.jpg 300w, https:\/\/hobbesontour.com\/wp-content\/uploads\/2022\/02\/20200312_122158-768x576.jpg 768w, https:\/\/hobbesontour.com\/wp-content\/uploads\/2022\/02\/20200312_122158-1536x1152.jpg 1536w, https:\/\/hobbesontour.com\/wp-content\/uploads\/2022\/02\/20200312_122158-2048x1536.jpg 2048w, https:\/\/hobbesontour.com\/wp-content\/uploads\/2022\/02\/20200312_122158-1140x855.jpg 1140w\" sizes=\"auto, (max-width: 1024px) 100vw, 1024px\" \/><figcaption>Pause im Schatten<\/figcaption><\/figure>\n\n\n\n<figure class=\"wp-block-image size-large\"><img loading=\"lazy\" decoding=\"async\" width=\"1024\" height=\"768\" data-id=\"1174\" src=\"https:\/\/hobbesontour.com\/wp-content\/uploads\/2022\/02\/20200312_161822-1024x768.jpg\" alt=\"\" class=\"wp-image-1174\" srcset=\"https:\/\/hobbesontour.com\/wp-content\/uploads\/2022\/02\/20200312_161822-1024x768.jpg 1024w, https:\/\/hobbesontour.com\/wp-content\/uploads\/2022\/02\/20200312_161822-300x225.jpg 300w, https:\/\/hobbesontour.com\/wp-content\/uploads\/2022\/02\/20200312_161822-768x576.jpg 768w, https:\/\/hobbesontour.com\/wp-content\/uploads\/2022\/02\/20200312_161822-1536x1152.jpg 1536w, https:\/\/hobbesontour.com\/wp-content\/uploads\/2022\/02\/20200312_161822-2048x1536.jpg 2048w, https:\/\/hobbesontour.com\/wp-content\/uploads\/2022\/02\/20200312_161822-1140x855.jpg 1140w\" sizes=\"auto, (max-width: 1024px) 100vw, 1024px\" \/><figcaption>Lager wird errichtet<\/figcaption><\/figure>\n\n\n\n<figure class=\"wp-block-image size-large\"><img loading=\"lazy\" decoding=\"async\" width=\"1024\" height=\"768\" data-id=\"1173\" src=\"https:\/\/hobbesontour.com\/wp-content\/uploads\/2022\/02\/20200312_173902-1024x768.jpg\" alt=\"\" class=\"wp-image-1173\" srcset=\"https:\/\/hobbesontour.com\/wp-content\/uploads\/2022\/02\/20200312_173902-1024x768.jpg 1024w, https:\/\/hobbesontour.com\/wp-content\/uploads\/2022\/02\/20200312_173902-300x225.jpg 300w, https:\/\/hobbesontour.com\/wp-content\/uploads\/2022\/02\/20200312_173902-768x576.jpg 768w, https:\/\/hobbesontour.com\/wp-content\/uploads\/2022\/02\/20200312_173902-1536x1152.jpg 1536w, https:\/\/hobbesontour.com\/wp-content\/uploads\/2022\/02\/20200312_173902-2048x1536.jpg 2048w, https:\/\/hobbesontour.com\/wp-content\/uploads\/2022\/02\/20200312_173902-1140x855.jpg 1140w\" sizes=\"auto, (max-width: 1024px) 100vw, 1024px\" \/><figcaption>Beduinen kochen<\/figcaption><\/figure>\n\n\n\n<figure class=\"wp-block-image size-large\"><img loading=\"lazy\" decoding=\"async\" width=\"1024\" height=\"768\" data-id=\"1172\" src=\"https:\/\/hobbesontour.com\/wp-content\/uploads\/2022\/02\/20200313_092510-1024x768.jpg\" alt=\"\" class=\"wp-image-1172\" srcset=\"https:\/\/hobbesontour.com\/wp-content\/uploads\/2022\/02\/20200313_092510-1024x768.jpg 1024w, https:\/\/hobbesontour.com\/wp-content\/uploads\/2022\/02\/20200313_092510-300x225.jpg 300w, https:\/\/hobbesontour.com\/wp-content\/uploads\/2022\/02\/20200313_092510-768x576.jpg 768w, https:\/\/hobbesontour.com\/wp-content\/uploads\/2022\/02\/20200313_092510-1536x1152.jpg 1536w, https:\/\/hobbesontour.com\/wp-content\/uploads\/2022\/02\/20200313_092510-2048x1536.jpg 2048w, https:\/\/hobbesontour.com\/wp-content\/uploads\/2022\/02\/20200313_092510-1140x855.jpg 1140w\" sizes=\"auto, (max-width: 1024px) 100vw, 1024px\" \/><figcaption>mit Kamelen unterwegs<\/figcaption><\/figure>\n\n\n\n<figure class=\"wp-block-image size-large\"><img loading=\"lazy\" decoding=\"async\" width=\"1024\" height=\"768\" data-id=\"1178\" src=\"https:\/\/hobbesontour.com\/wp-content\/uploads\/2022\/02\/20200313_100444-1024x768.jpg\" alt=\"\" class=\"wp-image-1178\" srcset=\"https:\/\/hobbesontour.com\/wp-content\/uploads\/2022\/02\/20200313_100444-1024x768.jpg 1024w, https:\/\/hobbesontour.com\/wp-content\/uploads\/2022\/02\/20200313_100444-300x225.jpg 300w, https:\/\/hobbesontour.com\/wp-content\/uploads\/2022\/02\/20200313_100444-768x576.jpg 768w, https:\/\/hobbesontour.com\/wp-content\/uploads\/2022\/02\/20200313_100444-1536x1152.jpg 1536w, https:\/\/hobbesontour.com\/wp-content\/uploads\/2022\/02\/20200313_100444-2048x1536.jpg 2048w, https:\/\/hobbesontour.com\/wp-content\/uploads\/2022\/02\/20200313_100444-1140x855.jpg 1140w\" sizes=\"auto, (max-width: 1024px) 100vw, 1024px\" \/><figcaption>Rast<\/figcaption><\/figure>\n\n\n\n<figure class=\"wp-block-image size-large\"><img loading=\"lazy\" decoding=\"async\" width=\"1024\" height=\"768\" data-id=\"1175\" src=\"https:\/\/hobbesontour.com\/wp-content\/uploads\/2022\/02\/20200313_101538-1024x768.jpg\" alt=\"\" class=\"wp-image-1175\" srcset=\"https:\/\/hobbesontour.com\/wp-content\/uploads\/2022\/02\/20200313_101538-1024x768.jpg 1024w, https:\/\/hobbesontour.com\/wp-content\/uploads\/2022\/02\/20200313_101538-300x225.jpg 300w, https:\/\/hobbesontour.com\/wp-content\/uploads\/2022\/02\/20200313_101538-768x576.jpg 768w, https:\/\/hobbesontour.com\/wp-content\/uploads\/2022\/02\/20200313_101538-1536x1152.jpg 1536w, https:\/\/hobbesontour.com\/wp-content\/uploads\/2022\/02\/20200313_101538-2048x1536.jpg 2048w, https:\/\/hobbesontour.com\/wp-content\/uploads\/2022\/02\/20200313_101538-1140x855.jpg 1140w\" sizes=\"auto, (max-width: 1024px) 100vw, 1024px\" \/><figcaption>Karawane<\/figcaption><\/figure>\n<\/figure>\n\n\n\n<figure class=\"wp-block-gallery has-nested-images columns-default is-cropped wp-block-gallery-2 is-layout-flex wp-block-gallery-is-layout-flex\">\n<figure class=\"wp-block-image size-large\"><img loading=\"lazy\" decoding=\"async\" width=\"1024\" height=\"768\" data-id=\"1189\" src=\"https:\/\/hobbesontour.com\/wp-content\/uploads\/2022\/02\/20200313_162134-1024x768.jpg\" alt=\"\" class=\"wp-image-1189\" srcset=\"https:\/\/hobbesontour.com\/wp-content\/uploads\/2022\/02\/20200313_162134-1024x768.jpg 1024w, https:\/\/hobbesontour.com\/wp-content\/uploads\/2022\/02\/20200313_162134-300x225.jpg 300w, https:\/\/hobbesontour.com\/wp-content\/uploads\/2022\/02\/20200313_162134-768x576.jpg 768w, https:\/\/hobbesontour.com\/wp-content\/uploads\/2022\/02\/20200313_162134-1536x1152.jpg 1536w, https:\/\/hobbesontour.com\/wp-content\/uploads\/2022\/02\/20200313_162134-2048x1536.jpg 2048w, https:\/\/hobbesontour.com\/wp-content\/uploads\/2022\/02\/20200313_162134-1140x855.jpg 1140w\" sizes=\"auto, (max-width: 1024px) 100vw, 1024px\" \/><figcaption>Sahara<\/figcaption><\/figure>\n\n\n\n<figure class=\"wp-block-image size-large\"><img loading=\"lazy\" decoding=\"async\" width=\"1024\" height=\"576\" data-id=\"1187\" src=\"https:\/\/hobbesontour.com\/wp-content\/uploads\/2022\/02\/20200313_173337-1024x576.jpg\" alt=\"\" class=\"wp-image-1187\" srcset=\"https:\/\/hobbesontour.com\/wp-content\/uploads\/2022\/02\/20200313_173337-1024x576.jpg 1024w, https:\/\/hobbesontour.com\/wp-content\/uploads\/2022\/02\/20200313_173337-300x169.jpg 300w, https:\/\/hobbesontour.com\/wp-content\/uploads\/2022\/02\/20200313_173337-768x432.jpg 768w, https:\/\/hobbesontour.com\/wp-content\/uploads\/2022\/02\/20200313_173337-1536x864.jpg 1536w, https:\/\/hobbesontour.com\/wp-content\/uploads\/2022\/02\/20200313_173337-2048x1152.jpg 2048w, https:\/\/hobbesontour.com\/wp-content\/uploads\/2022\/02\/20200313_173337-1140x641.jpg 1140w\" sizes=\"auto, (max-width: 1024px) 100vw, 1024px\" \/><\/figure>\n\n\n\n<figure class=\"wp-block-image size-large\"><img loading=\"lazy\" decoding=\"async\" width=\"1024\" height=\"576\" data-id=\"1186\" src=\"https:\/\/hobbesontour.com\/wp-content\/uploads\/2022\/02\/20200313_183527-1024x576.jpg\" alt=\"\" class=\"wp-image-1186\" srcset=\"https:\/\/hobbesontour.com\/wp-content\/uploads\/2022\/02\/20200313_183527-1024x576.jpg 1024w, https:\/\/hobbesontour.com\/wp-content\/uploads\/2022\/02\/20200313_183527-300x169.jpg 300w, https:\/\/hobbesontour.com\/wp-content\/uploads\/2022\/02\/20200313_183527-768x432.jpg 768w, https:\/\/hobbesontour.com\/wp-content\/uploads\/2022\/02\/20200313_183527-1536x864.jpg 1536w, https:\/\/hobbesontour.com\/wp-content\/uploads\/2022\/02\/20200313_183527-2048x1152.jpg 2048w, https:\/\/hobbesontour.com\/wp-content\/uploads\/2022\/02\/20200313_183527-1140x641.jpg 1140w\" sizes=\"auto, (max-width: 1024px) 100vw, 1024px\" \/><\/figure>\n\n\n\n<figure class=\"wp-block-image size-large\"><img loading=\"lazy\" decoding=\"async\" width=\"1024\" height=\"576\" data-id=\"1185\" src=\"https:\/\/hobbesontour.com\/wp-content\/uploads\/2022\/02\/20200313_191112-1024x576.jpg\" alt=\"\" class=\"wp-image-1185\" srcset=\"https:\/\/hobbesontour.com\/wp-content\/uploads\/2022\/02\/20200313_191112-1024x576.jpg 1024w, https:\/\/hobbesontour.com\/wp-content\/uploads\/2022\/02\/20200313_191112-300x169.jpg 300w, https:\/\/hobbesontour.com\/wp-content\/uploads\/2022\/02\/20200313_191112-768x432.jpg 768w, https:\/\/hobbesontour.com\/wp-content\/uploads\/2022\/02\/20200313_191112-1536x864.jpg 1536w, https:\/\/hobbesontour.com\/wp-content\/uploads\/2022\/02\/20200313_191112-2048x1152.jpg 2048w, https:\/\/hobbesontour.com\/wp-content\/uploads\/2022\/02\/20200313_191112-1140x641.jpg 1140w\" sizes=\"auto, (max-width: 1024px) 100vw, 1024px\" \/><\/figure>\n\n\n\n<figure class=\"wp-block-image size-large\"><img loading=\"lazy\" decoding=\"async\" width=\"1024\" height=\"768\" data-id=\"1182\" src=\"https:\/\/hobbesontour.com\/wp-content\/uploads\/2022\/02\/20200314_110137-1024x768.jpg\" alt=\"\" class=\"wp-image-1182\" srcset=\"https:\/\/hobbesontour.com\/wp-content\/uploads\/2022\/02\/20200314_110137-1024x768.jpg 1024w, https:\/\/hobbesontour.com\/wp-content\/uploads\/2022\/02\/20200314_110137-300x225.jpg 300w, https:\/\/hobbesontour.com\/wp-content\/uploads\/2022\/02\/20200314_110137-768x576.jpg 768w, https:\/\/hobbesontour.com\/wp-content\/uploads\/2022\/02\/20200314_110137-1536x1152.jpg 1536w, https:\/\/hobbesontour.com\/wp-content\/uploads\/2022\/02\/20200314_110137-2048x1536.jpg 2048w, https:\/\/hobbesontour.com\/wp-content\/uploads\/2022\/02\/20200314_110137-1140x855.jpg 1140w\" sizes=\"auto, (max-width: 1024px) 100vw, 1024px\" \/><\/figure>\n\n\n\n<figure class=\"wp-block-image size-large\"><img loading=\"lazy\" decoding=\"async\" width=\"1024\" height=\"576\" data-id=\"1188\" src=\"https:\/\/hobbesontour.com\/wp-content\/uploads\/2022\/02\/20200314_174614-1024x576.jpg\" alt=\"\" class=\"wp-image-1188\" srcset=\"https:\/\/hobbesontour.com\/wp-content\/uploads\/2022\/02\/20200314_174614-1024x576.jpg 1024w, https:\/\/hobbesontour.com\/wp-content\/uploads\/2022\/02\/20200314_174614-300x169.jpg 300w, https:\/\/hobbesontour.com\/wp-content\/uploads\/2022\/02\/20200314_174614-768x432.jpg 768w, https:\/\/hobbesontour.com\/wp-content\/uploads\/2022\/02\/20200314_174614-1536x864.jpg 1536w, https:\/\/hobbesontour.com\/wp-content\/uploads\/2022\/02\/20200314_174614-2048x1152.jpg 2048w, https:\/\/hobbesontour.com\/wp-content\/uploads\/2022\/02\/20200314_174614-1140x641.jpg 1140w\" sizes=\"auto, (max-width: 1024px) 100vw, 1024px\" \/><\/figure>\n\n\n\n<figure class=\"wp-block-image size-large\"><img loading=\"lazy\" decoding=\"async\" width=\"1024\" height=\"576\" data-id=\"1184\" src=\"https:\/\/hobbesontour.com\/wp-content\/uploads\/2022\/02\/20200314_181753-1024x576.jpg\" alt=\"\" class=\"wp-image-1184\" srcset=\"https:\/\/hobbesontour.com\/wp-content\/uploads\/2022\/02\/20200314_181753-1024x576.jpg 1024w, https:\/\/hobbesontour.com\/wp-content\/uploads\/2022\/02\/20200314_181753-300x169.jpg 300w, https:\/\/hobbesontour.com\/wp-content\/uploads\/2022\/02\/20200314_181753-768x432.jpg 768w, https:\/\/hobbesontour.com\/wp-content\/uploads\/2022\/02\/20200314_181753-1536x864.jpg 1536w, https:\/\/hobbesontour.com\/wp-content\/uploads\/2022\/02\/20200314_181753-2048x1152.jpg 2048w, https:\/\/hobbesontour.com\/wp-content\/uploads\/2022\/02\/20200314_181753-1140x641.jpg 1140w\" sizes=\"auto, (max-width: 1024px) 100vw, 1024px\" \/><\/figure>\n\n\n\n<figure class=\"wp-block-image size-large\"><img loading=\"lazy\" decoding=\"async\" width=\"1024\" height=\"576\" data-id=\"1181\" src=\"https:\/\/hobbesontour.com\/wp-content\/uploads\/2022\/02\/20200314_185428-1024x576.jpg\" alt=\"\" class=\"wp-image-1181\" srcset=\"https:\/\/hobbesontour.com\/wp-content\/uploads\/2022\/02\/20200314_185428-1024x576.jpg 1024w, https:\/\/hobbesontour.com\/wp-content\/uploads\/2022\/02\/20200314_185428-300x169.jpg 300w, https:\/\/hobbesontour.com\/wp-content\/uploads\/2022\/02\/20200314_185428-768x432.jpg 768w, https:\/\/hobbesontour.com\/wp-content\/uploads\/2022\/02\/20200314_185428-1536x864.jpg 1536w, https:\/\/hobbesontour.com\/wp-content\/uploads\/2022\/02\/20200314_185428-2048x1152.jpg 2048w, https:\/\/hobbesontour.com\/wp-content\/uploads\/2022\/02\/20200314_185428-1140x641.jpg 1140w\" sizes=\"auto, (max-width: 1024px) 100vw, 1024px\" \/><\/figure>\n\n\n\n<figure class=\"wp-block-image size-large\"><img loading=\"lazy\" decoding=\"async\" width=\"1024\" height=\"576\" data-id=\"1183\" src=\"https:\/\/hobbesontour.com\/wp-content\/uploads\/2022\/02\/20200315_163530-1024x576.jpg\" alt=\"\" class=\"wp-image-1183\" srcset=\"https:\/\/hobbesontour.com\/wp-content\/uploads\/2022\/02\/20200315_163530-1024x576.jpg 1024w, https:\/\/hobbesontour.com\/wp-content\/uploads\/2022\/02\/20200315_163530-300x169.jpg 300w, https:\/\/hobbesontour.com\/wp-content\/uploads\/2022\/02\/20200315_163530-768x432.jpg 768w, https:\/\/hobbesontour.com\/wp-content\/uploads\/2022\/02\/20200315_163530-1536x864.jpg 1536w, https:\/\/hobbesontour.com\/wp-content\/uploads\/2022\/02\/20200315_163530-2048x1152.jpg 2048w, https:\/\/hobbesontour.com\/wp-content\/uploads\/2022\/02\/20200315_163530-1140x641.jpg 1140w\" sizes=\"auto, (max-width: 1024px) 100vw, 1024px\" \/><\/figure>\n<\/figure>\n\n\n\n<p><\/p>\n","protected":false},"excerpt":{"rendered":"<p>Ein Traum wurde wahr &#8230; bzw. hab ich mich dieses Abenteur endlich mal getraut. Ein Anbieter aus Landsberg organisiert Meditationsreisen, unter anderem auch durch die W\u00fcste im Norden Tunesiens. Mit dem Flugzeug ging es nach Djerba wo wir alle uns getroffen haben. Dann fuhren wir mit einem Kleinbus in die W\u00fcstenstadt Douz. Am n\u00e4chsten Morgen trafen wir dann die Beduinen mit ihren Kamelen. Mehrere Lastkamele und ein paar Reitkamele wurden die darauf folgenden Tage von Ihnen mit uns durch die D\u00fcnenlandschaften der n\u00f6rdlichen Sahara gef\u00fchrt. Nachts schliefen wir auf Matratzenlagern und Decken in Schlafs\u00e4cken (ich auch im Zelt) unter dem Sternenhimmel. Die Fotos denk ich sprechen f\u00fcr sich.<\/p>\n","protected":false},"author":1,"featured_media":0,"parent":273,"menu_order":2020,"comment_status":"closed","ping_status":"closed","template":"","meta":{"_bbp_topic_count":0,"_bbp_reply_count":0,"_bbp_total_topic_count":0,"_bbp_total_reply_count":0,"_bbp_voice_count":0,"_bbp_anonymous_reply_count":0,"_bbp_topic_count_hidden":0,"_bbp_reply_count_hidden":0,"_bbp_forum_subforum_count":0,"footnotes":""},"class_list":["post-1169","page","type-page","status-publish","hentry"],"_links":{"self":[{"href":"https:\/\/hobbesontour.com\/index.php?rest_route=\/wp\/v2\/pages\/1169","targetHints":{"allow":["GET"]}}],"collection":[{"href":"https:\/\/hobbesontour.com\/index.php?rest_route=\/wp\/v2\/pages"}],"about":[{"href":"https:\/\/hobbesontour.com\/index.php?rest_route=\/wp\/v2\/types\/page"}],"author":[{"embeddable":true,"href":"https:\/\/hobbesontour.com\/index.php?rest_route=\/wp\/v2\/users\/1"}],"replies":[{"embeddable":true,"href":"https:\/\/hobbesontour.com\/index.php?rest_route=%2Fwp%2Fv2%2Fcomments&post=1169"}],"version-history":[{"count":3,"href":"https:\/\/hobbesontour.com\/index.php?rest_route=\/wp\/v2\/pages\/1169\/revisions"}],"predecessor-version":[{"id":1639,"href":"https:\/\/hobbesontour.com\/index.php?rest_route=\/wp\/v2\/pages\/1169\/revisions\/1639"}],"up":[{"embeddable":true,"href":"https:\/\/hobbesontour.com\/index.php?rest_route=\/wp\/v2\/pages\/273"}],"wp:attachment":[{"href":"https:\/\/hobbesontour.com\/index.php?rest_route=%2Fwp%2Fv2%2Fmedia&parent=1169"}],"curies":[{"name":"wp","href":"https:\/\/api.w.org\/{rel}","templated":true}]}}