{"id":1561,"date":"2022-02-16T20:38:43","date_gmt":"2022-02-16T20:38:43","guid":{"rendered":"https:\/\/hobbesontour.com\/?page_id=1561"},"modified":"2022-02-17T17:19:43","modified_gmt":"2022-02-17T17:19:43","slug":"2003-ungarn","status":"publish","type":"page","link":"https:\/\/hobbesontour.com\/?page_id=1561","title":{"rendered":"2003 &#8212; Ungarn (Motorrad)"},"content":{"rendered":"\n<p>Motorrad-Urlaub mit Bernd zu meiner ungarischen Verwandtschaft<\/p>\n\n\n\n<figure class=\"wp-block-gallery has-nested-images columns-default is-cropped wp-block-gallery-1 is-layout-flex wp-block-gallery-is-layout-flex\">\n<figure class=\"wp-block-image size-large\"><img loading=\"lazy\" decoding=\"async\" width=\"1024\" height=\"768\" data-id=\"1562\" src=\"https:\/\/hobbesontour.com\/wp-content\/uploads\/2022\/02\/100_0001.jpg\" alt=\"\" class=\"wp-image-1562\" srcset=\"https:\/\/hobbesontour.com\/wp-content\/uploads\/2022\/02\/100_0001.jpg 1024w, https:\/\/hobbesontour.com\/wp-content\/uploads\/2022\/02\/100_0001-300x225.jpg 300w, https:\/\/hobbesontour.com\/wp-content\/uploads\/2022\/02\/100_0001-768x576.jpg 768w\" sizes=\"auto, (max-width: 1024px) 100vw, 1024px\" \/><\/figure>\n<\/figure>\n\n\n\n<p>Zuerst ging die Fahrt \u00fcber \u00d6sterreich mit einer \u00dcbernachtung bis nach Keszthely<\/p>\n\n\n\n<figure class=\"wp-block-gallery has-nested-images columns-default is-cropped wp-block-gallery-2 is-layout-flex wp-block-gallery-is-layout-flex\">\n<figure class=\"wp-block-image size-large\"><img loading=\"lazy\" decoding=\"async\" width=\"1024\" height=\"768\" data-id=\"1565\" src=\"https:\/\/hobbesontour.com\/wp-content\/uploads\/2022\/02\/100_0016.jpg\" alt=\"\" class=\"wp-image-1565\" srcset=\"https:\/\/hobbesontour.com\/wp-content\/uploads\/2022\/02\/100_0016.jpg 1024w, https:\/\/hobbesontour.com\/wp-content\/uploads\/2022\/02\/100_0016-300x225.jpg 300w, https:\/\/hobbesontour.com\/wp-content\/uploads\/2022\/02\/100_0016-768x576.jpg 768w\" sizes=\"auto, (max-width: 1024px) 100vw, 1024px\" \/><\/figure>\n\n\n\n<figure class=\"wp-block-image size-large\"><img loading=\"lazy\" decoding=\"async\" width=\"1024\" height=\"768\" data-id=\"1566\" src=\"https:\/\/hobbesontour.com\/wp-content\/uploads\/2022\/02\/100_0022.jpg\" alt=\"\" class=\"wp-image-1566\" srcset=\"https:\/\/hobbesontour.com\/wp-content\/uploads\/2022\/02\/100_0022.jpg 1024w, https:\/\/hobbesontour.com\/wp-content\/uploads\/2022\/02\/100_0022-300x225.jpg 300w, https:\/\/hobbesontour.com\/wp-content\/uploads\/2022\/02\/100_0022-768x576.jpg 768w\" sizes=\"auto, (max-width: 1024px) 100vw, 1024px\" \/><\/figure>\n\n\n\n<figure class=\"wp-block-image size-large\"><img loading=\"lazy\" decoding=\"async\" width=\"1024\" height=\"768\" data-id=\"1567\" src=\"https:\/\/hobbesontour.com\/wp-content\/uploads\/2022\/02\/100_0027.jpg\" alt=\"\" class=\"wp-image-1567\" srcset=\"https:\/\/hobbesontour.com\/wp-content\/uploads\/2022\/02\/100_0027.jpg 1024w, https:\/\/hobbesontour.com\/wp-content\/uploads\/2022\/02\/100_0027-300x225.jpg 300w, https:\/\/hobbesontour.com\/wp-content\/uploads\/2022\/02\/100_0027-768x576.jpg 768w\" sizes=\"auto, (max-width: 1024px) 100vw, 1024px\" \/><\/figure>\n\n\n\n<figure class=\"wp-block-image size-large\"><img loading=\"lazy\" decoding=\"async\" width=\"1024\" height=\"768\" data-id=\"1563\" src=\"https:\/\/hobbesontour.com\/wp-content\/uploads\/2022\/02\/100_0029.jpg\" alt=\"\" class=\"wp-image-1563\" srcset=\"https:\/\/hobbesontour.com\/wp-content\/uploads\/2022\/02\/100_0029.jpg 1024w, https:\/\/hobbesontour.com\/wp-content\/uploads\/2022\/02\/100_0029-300x225.jpg 300w, https:\/\/hobbesontour.com\/wp-content\/uploads\/2022\/02\/100_0029-768x576.jpg 768w\" sizes=\"auto, (max-width: 1024px) 100vw, 1024px\" \/><\/figure>\n\n\n\n<figure class=\"wp-block-image size-large\"><img loading=\"lazy\" decoding=\"async\" width=\"1024\" height=\"768\" data-id=\"1564\" src=\"https:\/\/hobbesontour.com\/wp-content\/uploads\/2022\/02\/100_0030.jpg\" alt=\"\" class=\"wp-image-1564\" srcset=\"https:\/\/hobbesontour.com\/wp-content\/uploads\/2022\/02\/100_0030.jpg 1024w, https:\/\/hobbesontour.com\/wp-content\/uploads\/2022\/02\/100_0030-300x225.jpg 300w, https:\/\/hobbesontour.com\/wp-content\/uploads\/2022\/02\/100_0030-768x576.jpg 768w\" sizes=\"auto, (max-width: 1024px) 100vw, 1024px\" \/><\/figure>\n<\/figure>\n\n\n\n<p>Hier hat uns Klara (Tante) eine Unterkunft an der Stadt am Balaton organisiert<\/p>\n\n\n\n<figure class=\"wp-block-gallery has-nested-images columns-default is-cropped wp-block-gallery-3 is-layout-flex wp-block-gallery-is-layout-flex\">\n<figure class=\"wp-block-image size-large\"><img loading=\"lazy\" decoding=\"async\" width=\"1024\" height=\"768\" data-id=\"1568\" src=\"https:\/\/hobbesontour.com\/wp-content\/uploads\/2022\/02\/100_0041.jpg\" alt=\"\" class=\"wp-image-1568\" srcset=\"https:\/\/hobbesontour.com\/wp-content\/uploads\/2022\/02\/100_0041.jpg 1024w, https:\/\/hobbesontour.com\/wp-content\/uploads\/2022\/02\/100_0041-300x225.jpg 300w, https:\/\/hobbesontour.com\/wp-content\/uploads\/2022\/02\/100_0041-768x576.jpg 768w\" sizes=\"auto, (max-width: 1024px) 100vw, 1024px\" \/><\/figure>\n\n\n\n<figure class=\"wp-block-image size-large\"><img loading=\"lazy\" decoding=\"async\" width=\"1024\" height=\"768\" data-id=\"1569\" src=\"https:\/\/hobbesontour.com\/wp-content\/uploads\/2022\/02\/100_0042.jpg\" alt=\"\" class=\"wp-image-1569\" srcset=\"https:\/\/hobbesontour.com\/wp-content\/uploads\/2022\/02\/100_0042.jpg 1024w, https:\/\/hobbesontour.com\/wp-content\/uploads\/2022\/02\/100_0042-300x225.jpg 300w, https:\/\/hobbesontour.com\/wp-content\/uploads\/2022\/02\/100_0042-768x576.jpg 768w\" sizes=\"auto, (max-width: 1024px) 100vw, 1024px\" \/><\/figure>\n\n\n\n<figure class=\"wp-block-image size-large\"><img loading=\"lazy\" decoding=\"async\" width=\"1024\" height=\"768\" data-id=\"1570\" src=\"https:\/\/hobbesontour.com\/wp-content\/uploads\/2022\/02\/100_0047.jpg\" alt=\"\" class=\"wp-image-1570\" srcset=\"https:\/\/hobbesontour.com\/wp-content\/uploads\/2022\/02\/100_0047.jpg 1024w, https:\/\/hobbesontour.com\/wp-content\/uploads\/2022\/02\/100_0047-300x225.jpg 300w, https:\/\/hobbesontour.com\/wp-content\/uploads\/2022\/02\/100_0047-768x576.jpg 768w\" sizes=\"auto, (max-width: 1024px) 100vw, 1024px\" \/><\/figure>\n\n\n\n<figure class=\"wp-block-image size-large\"><img loading=\"lazy\" decoding=\"async\" width=\"1024\" height=\"768\" data-id=\"1571\" src=\"https:\/\/hobbesontour.com\/wp-content\/uploads\/2022\/02\/100_0050.jpg\" alt=\"\" class=\"wp-image-1571\" srcset=\"https:\/\/hobbesontour.com\/wp-content\/uploads\/2022\/02\/100_0050.jpg 1024w, https:\/\/hobbesontour.com\/wp-content\/uploads\/2022\/02\/100_0050-300x225.jpg 300w, https:\/\/hobbesontour.com\/wp-content\/uploads\/2022\/02\/100_0050-768x576.jpg 768w\" sizes=\"auto, (max-width: 1024px) 100vw, 1024px\" \/><\/figure>\n<\/figure>\n\n\n\n<p>Dann besuchte ich Verwandte in Hosszuheteny und in Pecs<\/p>\n\n\n\n<figure class=\"wp-block-gallery has-nested-images columns-default is-cropped wp-block-gallery-4 is-layout-flex wp-block-gallery-is-layout-flex\">\n<figure class=\"wp-block-image size-large\"><img loading=\"lazy\" decoding=\"async\" width=\"1024\" height=\"768\" data-id=\"1573\" src=\"https:\/\/hobbesontour.com\/wp-content\/uploads\/2022\/02\/100_0059.jpg\" alt=\"\" class=\"wp-image-1573\" srcset=\"https:\/\/hobbesontour.com\/wp-content\/uploads\/2022\/02\/100_0059.jpg 1024w, https:\/\/hobbesontour.com\/wp-content\/uploads\/2022\/02\/100_0059-300x225.jpg 300w, https:\/\/hobbesontour.com\/wp-content\/uploads\/2022\/02\/100_0059-768x576.jpg 768w\" sizes=\"auto, (max-width: 1024px) 100vw, 1024px\" \/><\/figure>\n\n\n\n<figure class=\"wp-block-image size-full\"><img loading=\"lazy\" decoding=\"async\" width=\"1024\" height=\"768\" data-id=\"1574\" src=\"https:\/\/hobbesontour.com\/wp-content\/uploads\/2022\/02\/100_0062.jpg\" alt=\"\" class=\"wp-image-1574\" srcset=\"https:\/\/hobbesontour.com\/wp-content\/uploads\/2022\/02\/100_0062.jpg 1024w, https:\/\/hobbesontour.com\/wp-content\/uploads\/2022\/02\/100_0062-300x225.jpg 300w, https:\/\/hobbesontour.com\/wp-content\/uploads\/2022\/02\/100_0062-768x576.jpg 768w\" sizes=\"auto, (max-width: 1024px) 100vw, 1024px\" \/><\/figure>\n<\/figure>\n\n\n\n<p>Probleme mit der Batterie bedingten einen Besuch in einer BMW-Werkstatt, dann konnten wir weitern ach Szeged fahren um Klara zu besuchen. <\/p>\n\n\n\n<figure class=\"wp-block-gallery has-nested-images columns-default is-cropped wp-block-gallery-5 is-layout-flex wp-block-gallery-is-layout-flex\">\n<figure class=\"wp-block-image size-large\"><img loading=\"lazy\" decoding=\"async\" width=\"1024\" height=\"768\" data-id=\"1575\" src=\"https:\/\/hobbesontour.com\/wp-content\/uploads\/2022\/02\/100_0066.jpg\" alt=\"\" class=\"wp-image-1575\" srcset=\"https:\/\/hobbesontour.com\/wp-content\/uploads\/2022\/02\/100_0066.jpg 1024w, https:\/\/hobbesontour.com\/wp-content\/uploads\/2022\/02\/100_0066-300x225.jpg 300w, https:\/\/hobbesontour.com\/wp-content\/uploads\/2022\/02\/100_0066-768x576.jpg 768w\" sizes=\"auto, (max-width: 1024px) 100vw, 1024px\" \/><\/figure>\n\n\n\n<figure class=\"wp-block-image size-large\"><img loading=\"lazy\" decoding=\"async\" width=\"1024\" height=\"768\" data-id=\"1576\" src=\"https:\/\/hobbesontour.com\/wp-content\/uploads\/2022\/02\/100_0067.jpg\" alt=\"\" class=\"wp-image-1576\" srcset=\"https:\/\/hobbesontour.com\/wp-content\/uploads\/2022\/02\/100_0067.jpg 1024w, https:\/\/hobbesontour.com\/wp-content\/uploads\/2022\/02\/100_0067-300x225.jpg 300w, https:\/\/hobbesontour.com\/wp-content\/uploads\/2022\/02\/100_0067-768x576.jpg 768w\" sizes=\"auto, (max-width: 1024px) 100vw, 1024px\" \/><\/figure>\n\n\n\n<figure class=\"wp-block-image size-large\"><img loading=\"lazy\" decoding=\"async\" width=\"1024\" height=\"768\" data-id=\"1577\" src=\"https:\/\/hobbesontour.com\/wp-content\/uploads\/2022\/02\/100_0068.jpg\" alt=\"\" class=\"wp-image-1577\" srcset=\"https:\/\/hobbesontour.com\/wp-content\/uploads\/2022\/02\/100_0068.jpg 1024w, https:\/\/hobbesontour.com\/wp-content\/uploads\/2022\/02\/100_0068-300x225.jpg 300w, https:\/\/hobbesontour.com\/wp-content\/uploads\/2022\/02\/100_0068-768x576.jpg 768w\" sizes=\"auto, (max-width: 1024px) 100vw, 1024px\" \/><\/figure>\n<\/figure>\n\n\n\n<p>Am n\u00e4chsten Tag zeigte uns Klara ihre Stadt<\/p>\n\n\n\n<figure class=\"wp-block-gallery has-nested-images columns-default is-cropped wp-block-gallery-6 is-layout-flex wp-block-gallery-is-layout-flex\">\n<figure class=\"wp-block-image size-large\"><img loading=\"lazy\" decoding=\"async\" width=\"1024\" height=\"768\" data-id=\"1579\" src=\"https:\/\/hobbesontour.com\/wp-content\/uploads\/2022\/02\/100_0072.jpg\" alt=\"\" class=\"wp-image-1579\" srcset=\"https:\/\/hobbesontour.com\/wp-content\/uploads\/2022\/02\/100_0072.jpg 1024w, https:\/\/hobbesontour.com\/wp-content\/uploads\/2022\/02\/100_0072-300x225.jpg 300w, https:\/\/hobbesontour.com\/wp-content\/uploads\/2022\/02\/100_0072-768x576.jpg 768w\" sizes=\"auto, (max-width: 1024px) 100vw, 1024px\" \/><\/figure>\n\n\n\n<figure class=\"wp-block-image size-large\"><img loading=\"lazy\" decoding=\"async\" width=\"768\" height=\"1024\" data-id=\"1582\" src=\"https:\/\/hobbesontour.com\/wp-content\/uploads\/2022\/02\/100_0078.jpg\" alt=\"\" class=\"wp-image-1582\" srcset=\"https:\/\/hobbesontour.com\/wp-content\/uploads\/2022\/02\/100_0078.jpg 768w, https:\/\/hobbesontour.com\/wp-content\/uploads\/2022\/02\/100_0078-225x300.jpg 225w\" sizes=\"auto, (max-width: 768px) 100vw, 768px\" \/><\/figure>\n\n\n\n<figure class=\"wp-block-image size-large\"><img loading=\"lazy\" decoding=\"async\" width=\"1024\" height=\"768\" data-id=\"1580\" src=\"https:\/\/hobbesontour.com\/wp-content\/uploads\/2022\/02\/100_0079.jpg\" alt=\"\" class=\"wp-image-1580\" srcset=\"https:\/\/hobbesontour.com\/wp-content\/uploads\/2022\/02\/100_0079.jpg 1024w, https:\/\/hobbesontour.com\/wp-content\/uploads\/2022\/02\/100_0079-300x225.jpg 300w, https:\/\/hobbesontour.com\/wp-content\/uploads\/2022\/02\/100_0079-768x576.jpg 768w\" sizes=\"auto, (max-width: 1024px) 100vw, 1024px\" \/><\/figure>\n\n\n\n<figure class=\"wp-block-image size-large\"><img loading=\"lazy\" decoding=\"async\" width=\"768\" height=\"1024\" data-id=\"1581\" src=\"https:\/\/hobbesontour.com\/wp-content\/uploads\/2022\/02\/100_0082.jpg\" alt=\"\" class=\"wp-image-1581\" srcset=\"https:\/\/hobbesontour.com\/wp-content\/uploads\/2022\/02\/100_0082.jpg 768w, https:\/\/hobbesontour.com\/wp-content\/uploads\/2022\/02\/100_0082-225x300.jpg 225w\" sizes=\"auto, (max-width: 768px) 100vw, 768px\" \/><\/figure>\n\n\n\n<figure class=\"wp-block-image size-large\"><img loading=\"lazy\" decoding=\"async\" width=\"1024\" height=\"768\" data-id=\"1578\" src=\"https:\/\/hobbesontour.com\/wp-content\/uploads\/2022\/02\/100_0087.jpg\" alt=\"\" class=\"wp-image-1578\" srcset=\"https:\/\/hobbesontour.com\/wp-content\/uploads\/2022\/02\/100_0087.jpg 1024w, https:\/\/hobbesontour.com\/wp-content\/uploads\/2022\/02\/100_0087-300x225.jpg 300w, https:\/\/hobbesontour.com\/wp-content\/uploads\/2022\/02\/100_0087-768x576.jpg 768w\" sizes=\"auto, (max-width: 1024px) 100vw, 1024px\" \/><\/figure>\n<\/figure>\n\n\n\n<p>Dann ging die Reise weiter nach Gyula wo Emese meine Cousine mit ihrer Familie wohnt<\/p>\n\n\n\n<figure class=\"wp-block-gallery has-nested-images columns-default is-cropped wp-block-gallery-7 is-layout-flex wp-block-gallery-is-layout-flex\">\n<figure class=\"wp-block-image size-large\"><img loading=\"lazy\" decoding=\"async\" width=\"1024\" height=\"768\" data-id=\"1584\" src=\"https:\/\/hobbesontour.com\/wp-content\/uploads\/2022\/02\/102_0207-1024x768.jpg\" alt=\"\" class=\"wp-image-1584\" srcset=\"https:\/\/hobbesontour.com\/wp-content\/uploads\/2022\/02\/102_0207-1024x768.jpg 1024w, https:\/\/hobbesontour.com\/wp-content\/uploads\/2022\/02\/102_0207-300x225.jpg 300w, https:\/\/hobbesontour.com\/wp-content\/uploads\/2022\/02\/102_0207-768x576.jpg 768w, https:\/\/hobbesontour.com\/wp-content\/uploads\/2022\/02\/102_0207-1536x1152.jpg 1536w, https:\/\/hobbesontour.com\/wp-content\/uploads\/2022\/02\/102_0207-1140x855.jpg 1140w, https:\/\/hobbesontour.com\/wp-content\/uploads\/2022\/02\/102_0207.jpg 1600w\" sizes=\"auto, (max-width: 1024px) 100vw, 1024px\" \/><\/figure>\n\n\n\n<figure class=\"wp-block-image size-large\"><img loading=\"lazy\" decoding=\"async\" width=\"1024\" height=\"768\" data-id=\"1583\" src=\"https:\/\/hobbesontour.com\/wp-content\/uploads\/2022\/02\/102_0208-1024x768.jpg\" alt=\"\" class=\"wp-image-1583\" srcset=\"https:\/\/hobbesontour.com\/wp-content\/uploads\/2022\/02\/102_0208-1024x768.jpg 1024w, https:\/\/hobbesontour.com\/wp-content\/uploads\/2022\/02\/102_0208-300x225.jpg 300w, https:\/\/hobbesontour.com\/wp-content\/uploads\/2022\/02\/102_0208-768x576.jpg 768w, https:\/\/hobbesontour.com\/wp-content\/uploads\/2022\/02\/102_0208-1536x1152.jpg 1536w, https:\/\/hobbesontour.com\/wp-content\/uploads\/2022\/02\/102_0208-1140x855.jpg 1140w, https:\/\/hobbesontour.com\/wp-content\/uploads\/2022\/02\/102_0208.jpg 1600w\" sizes=\"auto, (max-width: 1024px) 100vw, 1024px\" \/><\/figure>\n\n\n\n<figure class=\"wp-block-image size-large\"><img loading=\"lazy\" decoding=\"async\" width=\"1024\" height=\"768\" data-id=\"1585\" src=\"https:\/\/hobbesontour.com\/wp-content\/uploads\/2022\/02\/102_0209-1024x768.jpg\" alt=\"\" class=\"wp-image-1585\" srcset=\"https:\/\/hobbesontour.com\/wp-content\/uploads\/2022\/02\/102_0209-1024x768.jpg 1024w, https:\/\/hobbesontour.com\/wp-content\/uploads\/2022\/02\/102_0209-300x225.jpg 300w, https:\/\/hobbesontour.com\/wp-content\/uploads\/2022\/02\/102_0209-768x576.jpg 768w, https:\/\/hobbesontour.com\/wp-content\/uploads\/2022\/02\/102_0209-1536x1152.jpg 1536w, https:\/\/hobbesontour.com\/wp-content\/uploads\/2022\/02\/102_0209-1140x855.jpg 1140w, https:\/\/hobbesontour.com\/wp-content\/uploads\/2022\/02\/102_0209.jpg 1600w\" sizes=\"auto, (max-width: 1024px) 100vw, 1024px\" \/><\/figure>\n<\/figure>\n\n\n\n<p>Auch hier bekommen Bernd und ich eine F\u00fchrung durch die Stadt angeboten welche wir dankend annehmen<\/p>\n\n\n\n<figure class=\"wp-block-gallery has-nested-images columns-default is-cropped wp-block-gallery-8 is-layout-flex wp-block-gallery-is-layout-flex\">\n<figure class=\"wp-block-image size-large\"><img loading=\"lazy\" decoding=\"async\" width=\"1024\" height=\"768\" data-id=\"1586\" src=\"https:\/\/hobbesontour.com\/wp-content\/uploads\/2022\/02\/102_0211.jpg\" alt=\"\" class=\"wp-image-1586\" srcset=\"https:\/\/hobbesontour.com\/wp-content\/uploads\/2022\/02\/102_0211.jpg 1024w, https:\/\/hobbesontour.com\/wp-content\/uploads\/2022\/02\/102_0211-300x225.jpg 300w, https:\/\/hobbesontour.com\/wp-content\/uploads\/2022\/02\/102_0211-768x576.jpg 768w\" sizes=\"auto, (max-width: 1024px) 100vw, 1024px\" \/><\/figure>\n\n\n\n<figure class=\"wp-block-image size-large\"><img loading=\"lazy\" decoding=\"async\" width=\"1024\" height=\"768\" data-id=\"1588\" src=\"https:\/\/hobbesontour.com\/wp-content\/uploads\/2022\/02\/102_0214.jpg\" alt=\"\" class=\"wp-image-1588\" srcset=\"https:\/\/hobbesontour.com\/wp-content\/uploads\/2022\/02\/102_0214.jpg 1024w, https:\/\/hobbesontour.com\/wp-content\/uploads\/2022\/02\/102_0214-300x225.jpg 300w, https:\/\/hobbesontour.com\/wp-content\/uploads\/2022\/02\/102_0214-768x576.jpg 768w\" sizes=\"auto, (max-width: 1024px) 100vw, 1024px\" \/><\/figure>\n\n\n\n<figure class=\"wp-block-image size-large\"><img loading=\"lazy\" decoding=\"async\" width=\"1024\" height=\"768\" data-id=\"1587\" src=\"https:\/\/hobbesontour.com\/wp-content\/uploads\/2022\/02\/102_0217.jpg\" alt=\"\" class=\"wp-image-1587\" srcset=\"https:\/\/hobbesontour.com\/wp-content\/uploads\/2022\/02\/102_0217.jpg 1024w, https:\/\/hobbesontour.com\/wp-content\/uploads\/2022\/02\/102_0217-300x225.jpg 300w, https:\/\/hobbesontour.com\/wp-content\/uploads\/2022\/02\/102_0217-768x576.jpg 768w\" sizes=\"auto, (max-width: 1024px) 100vw, 1024px\" \/><\/figure>\n\n\n\n<figure class=\"wp-block-image size-large\"><img loading=\"lazy\" decoding=\"async\" width=\"1024\" height=\"768\" data-id=\"1589\" src=\"https:\/\/hobbesontour.com\/wp-content\/uploads\/2022\/02\/102_0218.jpg\" alt=\"\" class=\"wp-image-1589\" srcset=\"https:\/\/hobbesontour.com\/wp-content\/uploads\/2022\/02\/102_0218.jpg 1024w, https:\/\/hobbesontour.com\/wp-content\/uploads\/2022\/02\/102_0218-300x225.jpg 300w, https:\/\/hobbesontour.com\/wp-content\/uploads\/2022\/02\/102_0218-768x576.jpg 768w\" sizes=\"auto, (max-width: 1024px) 100vw, 1024px\" \/><\/figure>\n<\/figure>\n\n\n\n<p>Nachdem  wir uns verabschieden gehts wieder nach Norden nach Eger, wo wir unsere Motorr\u00e4der in einem Innenhof parken k\u00f6nnen und erneut einen Fu\u00dfmarsch durch die Altstadt machen.<\/p>\n\n\n\n<p><\/p>\n\n\n\n<figure class=\"wp-block-gallery has-nested-images columns-default is-cropped wp-block-gallery-9 is-layout-flex wp-block-gallery-is-layout-flex\">\n<figure class=\"wp-block-image size-large\"><img loading=\"lazy\" decoding=\"async\" width=\"1024\" height=\"768\" data-id=\"1590\" src=\"https:\/\/hobbesontour.com\/wp-content\/uploads\/2022\/02\/102_0220.jpg\" alt=\"\" class=\"wp-image-1590\" srcset=\"https:\/\/hobbesontour.com\/wp-content\/uploads\/2022\/02\/102_0220.jpg 1024w, https:\/\/hobbesontour.com\/wp-content\/uploads\/2022\/02\/102_0220-300x225.jpg 300w, https:\/\/hobbesontour.com\/wp-content\/uploads\/2022\/02\/102_0220-768x576.jpg 768w\" sizes=\"auto, (max-width: 1024px) 100vw, 1024px\" \/><\/figure>\n\n\n\n<figure class=\"wp-block-image size-large\"><img loading=\"lazy\" decoding=\"async\" width=\"768\" height=\"1024\" data-id=\"1591\" src=\"https:\/\/hobbesontour.com\/wp-content\/uploads\/2022\/02\/102_0224.jpg\" alt=\"\" class=\"wp-image-1591\" srcset=\"https:\/\/hobbesontour.com\/wp-content\/uploads\/2022\/02\/102_0224.jpg 768w, https:\/\/hobbesontour.com\/wp-content\/uploads\/2022\/02\/102_0224-225x300.jpg 225w\" sizes=\"auto, (max-width: 768px) 100vw, 768px\" \/><\/figure>\n\n\n\n<figure class=\"wp-block-image size-large\"><img loading=\"lazy\" decoding=\"async\" width=\"1024\" height=\"768\" data-id=\"1593\" src=\"https:\/\/hobbesontour.com\/wp-content\/uploads\/2022\/02\/102_0233.jpg\" alt=\"\" class=\"wp-image-1593\" srcset=\"https:\/\/hobbesontour.com\/wp-content\/uploads\/2022\/02\/102_0233.jpg 1024w, https:\/\/hobbesontour.com\/wp-content\/uploads\/2022\/02\/102_0233-300x225.jpg 300w, https:\/\/hobbesontour.com\/wp-content\/uploads\/2022\/02\/102_0233-768x576.jpg 768w\" sizes=\"auto, (max-width: 1024px) 100vw, 1024px\" \/><\/figure>\n\n\n\n<figure class=\"wp-block-image size-large\"><img loading=\"lazy\" decoding=\"async\" width=\"1024\" height=\"195\" data-id=\"1595\" src=\"https:\/\/hobbesontour.com\/wp-content\/uploads\/2022\/02\/eger_burgblick-1024x195.jpg\" alt=\"\" class=\"wp-image-1595\" srcset=\"https:\/\/hobbesontour.com\/wp-content\/uploads\/2022\/02\/eger_burgblick-1024x195.jpg 1024w, https:\/\/hobbesontour.com\/wp-content\/uploads\/2022\/02\/eger_burgblick-300x57.jpg 300w, https:\/\/hobbesontour.com\/wp-content\/uploads\/2022\/02\/eger_burgblick-768x146.jpg 768w, https:\/\/hobbesontour.com\/wp-content\/uploads\/2022\/02\/eger_burgblick-1536x292.jpg 1536w, https:\/\/hobbesontour.com\/wp-content\/uploads\/2022\/02\/eger_burgblick-2048x389.jpg 2048w, https:\/\/hobbesontour.com\/wp-content\/uploads\/2022\/02\/eger_burgblick-1140x217.jpg 1140w\" sizes=\"auto, (max-width: 1024px) 100vw, 1024px\" \/><figcaption>Eger<\/figcaption><\/figure>\n<\/figure>\n\n\n\n<p>Nach Eger fahren wir \u00fcber Budapest wieder zur\u00fcck nach  Deutschland. Somit endete meine zweite gr\u00f6\u00dfere Fahrt mit meiner alten BMW.<\/p>\n","protected":false},"excerpt":{"rendered":"<p>Motorrad-Urlaub mit Bernd zu meiner ungarischen Verwandtschaft Zuerst ging die Fahrt \u00fcber \u00d6sterreich mit einer \u00dcbernachtung bis nach Keszthely Hier hat uns Klara (Tante) eine Unterkunft an der Stadt am Balaton organisiert Dann besuchte ich Verwandte in Hosszuheteny und in Pecs Probleme mit der Batterie bedingten einen Besuch in einer BMW-Werkstatt, dann konnten wir weitern ach Szeged fahren um Klara zu besuchen. Am n\u00e4chsten Tag zeigte uns Klara ihre Stadt Dann ging die Reise weiter nach Gyula wo Emese meine Cousine mit ihrer Familie wohnt Auch hier bekommen Bernd und ich eine F\u00fchrung durch die Stadt angeboten welche wir dankend annehmen Nachdem wir uns verabschieden gehts wieder nach Norden nach Eger, wo wir unsere Motorr\u00e4der in einem Innenhof parken k\u00f6nnen und erneut einen Fu\u00dfmarsch durch die Altstadt machen. Nach Eger fahren wir \u00fcber Budapest wieder zur\u00fcck nach Deutschland. Somit endete meine zweite gr\u00f6\u00dfere Fahrt mit meiner alten BMW.<\/p>\n","protected":false},"author":1,"featured_media":0,"parent":273,"menu_order":2003,"comment_status":"closed","ping_status":"closed","template":"","meta":{"_bbp_topic_count":0,"_bbp_reply_count":0,"_bbp_total_topic_count":0,"_bbp_total_reply_count":0,"_bbp_voice_count":0,"_bbp_anonymous_reply_count":0,"_bbp_topic_count_hidden":0,"_bbp_reply_count_hidden":0,"_bbp_forum_subforum_count":0,"footnotes":""},"class_list":["post-1561","page","type-page","status-publish","hentry"],"_links":{"self":[{"href":"https:\/\/hobbesontour.com\/index.php?rest_route=\/wp\/v2\/pages\/1561","targetHints":{"allow":["GET"]}}],"collection":[{"href":"https:\/\/hobbesontour.com\/index.php?rest_route=\/wp\/v2\/pages"}],"about":[{"href":"https:\/\/hobbesontour.com\/index.php?rest_route=\/wp\/v2\/types\/page"}],"author":[{"embeddable":true,"href":"https:\/\/hobbesontour.com\/index.php?rest_route=\/wp\/v2\/users\/1"}],"replies":[{"embeddable":true,"href":"https:\/\/hobbesontour.com\/index.php?rest_route=%2Fwp%2Fv2%2Fcomments&post=1561"}],"version-history":[{"count":4,"href":"https:\/\/hobbesontour.com\/index.php?rest_route=\/wp\/v2\/pages\/1561\/revisions"}],"predecessor-version":[{"id":1632,"href":"https:\/\/hobbesontour.com\/index.php?rest_route=\/wp\/v2\/pages\/1561\/revisions\/1632"}],"up":[{"embeddable":true,"href":"https:\/\/hobbesontour.com\/index.php?rest_route=\/wp\/v2\/pages\/273"}],"wp:attachment":[{"href":"https:\/\/hobbesontour.com\/index.php?rest_route=%2Fwp%2Fv2%2Fmedia&parent=1561"}],"curies":[{"name":"wp","href":"https:\/\/api.w.org\/{rel}","templated":true}]}}