{"id":1807,"date":"2022-02-21T16:44:35","date_gmt":"2022-02-21T16:44:35","guid":{"rendered":"https:\/\/hobbesontour.com\/?page_id=1807"},"modified":"2022-02-21T16:44:55","modified_gmt":"2022-02-21T16:44:55","slug":"2004-italien-nw-motorrad","status":"publish","type":"page","link":"https:\/\/hobbesontour.com\/?page_id=1807","title":{"rendered":"2004 &#8212; Italien NW (Motorrad)"},"content":{"rendered":"\n<p><\/p>\n\n\n\n<p><\/p>\n\n\n\n<p>24.04.2004 &#8211; Anreise \u00fcber San Bernardino und Camping am Ortasee<\/p>\n\n\n\n<figure class=\"wp-block-gallery has-nested-images columns-default is-cropped wp-block-gallery-1 is-layout-flex wp-block-gallery-is-layout-flex\">\n<figure class=\"wp-block-image size-large\"><img loading=\"lazy\" decoding=\"async\" width=\"1024\" height=\"768\" data-id=\"1809\" src=\"https:\/\/hobbesontour.com\/wp-content\/uploads\/2022\/02\/100_0010.jpg\" alt=\"\" class=\"wp-image-1809\" srcset=\"https:\/\/hobbesontour.com\/wp-content\/uploads\/2022\/02\/100_0010.jpg 1024w, https:\/\/hobbesontour.com\/wp-content\/uploads\/2022\/02\/100_0010-300x225.jpg 300w, https:\/\/hobbesontour.com\/wp-content\/uploads\/2022\/02\/100_0010-768x576.jpg 768w\" sizes=\"auto, (max-width: 1024px) 100vw, 1024px\" \/><\/figure>\n\n\n\n<figure class=\"wp-block-image size-large\"><img loading=\"lazy\" decoding=\"async\" width=\"1024\" height=\"768\" data-id=\"1811\" src=\"https:\/\/hobbesontour.com\/wp-content\/uploads\/2022\/02\/100_0011.jpg\" alt=\"\" class=\"wp-image-1811\" srcset=\"https:\/\/hobbesontour.com\/wp-content\/uploads\/2022\/02\/100_0011.jpg 1024w, https:\/\/hobbesontour.com\/wp-content\/uploads\/2022\/02\/100_0011-300x225.jpg 300w, https:\/\/hobbesontour.com\/wp-content\/uploads\/2022\/02\/100_0011-768x576.jpg 768w\" sizes=\"auto, (max-width: 1024px) 100vw, 1024px\" \/><\/figure>\n\n\n\n<figure class=\"wp-block-image size-large\"><img loading=\"lazy\" decoding=\"async\" width=\"1024\" height=\"768\" data-id=\"1810\" src=\"https:\/\/hobbesontour.com\/wp-content\/uploads\/2022\/02\/100_0013.jpg\" alt=\"\" class=\"wp-image-1810\" srcset=\"https:\/\/hobbesontour.com\/wp-content\/uploads\/2022\/02\/100_0013.jpg 1024w, https:\/\/hobbesontour.com\/wp-content\/uploads\/2022\/02\/100_0013-300x225.jpg 300w, https:\/\/hobbesontour.com\/wp-content\/uploads\/2022\/02\/100_0013-768x576.jpg 768w\" sizes=\"auto, (max-width: 1024px) 100vw, 1024px\" \/><\/figure>\n\n\n\n<figure class=\"wp-block-image size-large\"><img loading=\"lazy\" decoding=\"async\" width=\"1024\" height=\"768\" data-id=\"1808\" src=\"https:\/\/hobbesontour.com\/wp-content\/uploads\/2022\/02\/100_0016-1.jpg\" alt=\"\" class=\"wp-image-1808\" srcset=\"https:\/\/hobbesontour.com\/wp-content\/uploads\/2022\/02\/100_0016-1.jpg 1024w, https:\/\/hobbesontour.com\/wp-content\/uploads\/2022\/02\/100_0016-1-300x225.jpg 300w, https:\/\/hobbesontour.com\/wp-content\/uploads\/2022\/02\/100_0016-1-768x576.jpg 768w\" sizes=\"auto, (max-width: 1024px) 100vw, 1024px\" \/><\/figure>\n<\/figure>\n\n\n\n<p>25.04.2004 &#8211; Weiterfahrt nach Torre Pellice<\/p>\n\n\n\n<figure class=\"wp-block-gallery has-nested-images columns-default is-cropped wp-block-gallery-2 is-layout-flex wp-block-gallery-is-layout-flex\">\n<figure class=\"wp-block-image size-large\"><img loading=\"lazy\" decoding=\"async\" width=\"1024\" height=\"768\" data-id=\"1812\" src=\"https:\/\/hobbesontour.com\/wp-content\/uploads\/2022\/02\/100_0023-1024x768.jpg\" alt=\"\" class=\"wp-image-1812\" srcset=\"https:\/\/hobbesontour.com\/wp-content\/uploads\/2022\/02\/100_0023-1024x768.jpg 1024w, https:\/\/hobbesontour.com\/wp-content\/uploads\/2022\/02\/100_0023-300x225.jpg 300w, https:\/\/hobbesontour.com\/wp-content\/uploads\/2022\/02\/100_0023-768x576.jpg 768w, https:\/\/hobbesontour.com\/wp-content\/uploads\/2022\/02\/100_0023-1536x1152.jpg 1536w, https:\/\/hobbesontour.com\/wp-content\/uploads\/2022\/02\/100_0023-1140x855.jpg 1140w, https:\/\/hobbesontour.com\/wp-content\/uploads\/2022\/02\/100_0023.jpg 1600w\" sizes=\"auto, (max-width: 1024px) 100vw, 1024px\" \/><\/figure>\n\n\n\n<figure class=\"wp-block-image size-large\"><img loading=\"lazy\" decoding=\"async\" width=\"1024\" height=\"768\" data-id=\"1814\" src=\"https:\/\/hobbesontour.com\/wp-content\/uploads\/2022\/02\/100_0026-1024x768.jpg\" alt=\"\" class=\"wp-image-1814\" srcset=\"https:\/\/hobbesontour.com\/wp-content\/uploads\/2022\/02\/100_0026-1024x768.jpg 1024w, https:\/\/hobbesontour.com\/wp-content\/uploads\/2022\/02\/100_0026-300x225.jpg 300w, https:\/\/hobbesontour.com\/wp-content\/uploads\/2022\/02\/100_0026-768x576.jpg 768w, https:\/\/hobbesontour.com\/wp-content\/uploads\/2022\/02\/100_0026-1536x1152.jpg 1536w, https:\/\/hobbesontour.com\/wp-content\/uploads\/2022\/02\/100_0026-1140x855.jpg 1140w, https:\/\/hobbesontour.com\/wp-content\/uploads\/2022\/02\/100_0026.jpg 1600w\" sizes=\"auto, (max-width: 1024px) 100vw, 1024px\" \/><\/figure>\n\n\n\n<figure class=\"wp-block-image size-large\"><img loading=\"lazy\" decoding=\"async\" width=\"1024\" height=\"768\" data-id=\"1813\" src=\"https:\/\/hobbesontour.com\/wp-content\/uploads\/2022\/02\/100_0027-1-1024x768.jpg\" alt=\"\" class=\"wp-image-1813\" srcset=\"https:\/\/hobbesontour.com\/wp-content\/uploads\/2022\/02\/100_0027-1-1024x768.jpg 1024w, https:\/\/hobbesontour.com\/wp-content\/uploads\/2022\/02\/100_0027-1-300x225.jpg 300w, https:\/\/hobbesontour.com\/wp-content\/uploads\/2022\/02\/100_0027-1-768x576.jpg 768w, https:\/\/hobbesontour.com\/wp-content\/uploads\/2022\/02\/100_0027-1-1536x1152.jpg 1536w, https:\/\/hobbesontour.com\/wp-content\/uploads\/2022\/02\/100_0027-1-1140x855.jpg 1140w, https:\/\/hobbesontour.com\/wp-content\/uploads\/2022\/02\/100_0027-1.jpg 1600w\" sizes=\"auto, (max-width: 1024px) 100vw, 1024px\" \/><\/figure>\n<\/figure>\n\n\n\n<p>26.04.2004 Und weiter gehts nach S\u00fcd West \u00fcber Cuneo bis nach San Remo<\/p>\n\n\n\n<figure class=\"wp-block-gallery has-nested-images columns-default is-cropped wp-block-gallery-3 is-layout-flex wp-block-gallery-is-layout-flex\">\n<figure class=\"wp-block-image size-large\"><img loading=\"lazy\" decoding=\"async\" width=\"1024\" height=\"768\" data-id=\"1815\" src=\"https:\/\/hobbesontour.com\/wp-content\/uploads\/2022\/02\/100_0009-1024x768.jpg\" alt=\"\" class=\"wp-image-1815\" srcset=\"https:\/\/hobbesontour.com\/wp-content\/uploads\/2022\/02\/100_0009-1024x768.jpg 1024w, https:\/\/hobbesontour.com\/wp-content\/uploads\/2022\/02\/100_0009-300x225.jpg 300w, https:\/\/hobbesontour.com\/wp-content\/uploads\/2022\/02\/100_0009-768x576.jpg 768w, https:\/\/hobbesontour.com\/wp-content\/uploads\/2022\/02\/100_0009-1536x1152.jpg 1536w, https:\/\/hobbesontour.com\/wp-content\/uploads\/2022\/02\/100_0009-1140x855.jpg 1140w, https:\/\/hobbesontour.com\/wp-content\/uploads\/2022\/02\/100_0009.jpg 1600w\" sizes=\"auto, (max-width: 1024px) 100vw, 1024px\" \/><\/figure>\n\n\n\n<figure class=\"wp-block-image size-large\"><img loading=\"lazy\" decoding=\"async\" width=\"1024\" height=\"768\" data-id=\"1819\" src=\"https:\/\/hobbesontour.com\/wp-content\/uploads\/2022\/02\/100_0014-1024x768.jpg\" alt=\"\" class=\"wp-image-1819\" srcset=\"https:\/\/hobbesontour.com\/wp-content\/uploads\/2022\/02\/100_0014-1024x768.jpg 1024w, https:\/\/hobbesontour.com\/wp-content\/uploads\/2022\/02\/100_0014-300x225.jpg 300w, https:\/\/hobbesontour.com\/wp-content\/uploads\/2022\/02\/100_0014-768x576.jpg 768w, https:\/\/hobbesontour.com\/wp-content\/uploads\/2022\/02\/100_0014-1536x1152.jpg 1536w, https:\/\/hobbesontour.com\/wp-content\/uploads\/2022\/02\/100_0014-1140x855.jpg 1140w, https:\/\/hobbesontour.com\/wp-content\/uploads\/2022\/02\/100_0014.jpg 1600w\" sizes=\"auto, (max-width: 1024px) 100vw, 1024px\" \/><\/figure>\n\n\n\n<figure class=\"wp-block-image size-large\"><img loading=\"lazy\" decoding=\"async\" width=\"1024\" height=\"768\" data-id=\"1817\" src=\"https:\/\/hobbesontour.com\/wp-content\/uploads\/2022\/02\/100_0017-1024x768.jpg\" alt=\"\" class=\"wp-image-1817\" srcset=\"https:\/\/hobbesontour.com\/wp-content\/uploads\/2022\/02\/100_0017-1024x768.jpg 1024w, https:\/\/hobbesontour.com\/wp-content\/uploads\/2022\/02\/100_0017-300x225.jpg 300w, https:\/\/hobbesontour.com\/wp-content\/uploads\/2022\/02\/100_0017-768x576.jpg 768w, https:\/\/hobbesontour.com\/wp-content\/uploads\/2022\/02\/100_0017-1536x1152.jpg 1536w, https:\/\/hobbesontour.com\/wp-content\/uploads\/2022\/02\/100_0017-1140x855.jpg 1140w, https:\/\/hobbesontour.com\/wp-content\/uploads\/2022\/02\/100_0017.jpg 1600w\" sizes=\"auto, (max-width: 1024px) 100vw, 1024px\" \/><\/figure>\n\n\n\n<figure class=\"wp-block-image size-large\"><img loading=\"lazy\" decoding=\"async\" width=\"1024\" height=\"768\" data-id=\"1820\" src=\"https:\/\/hobbesontour.com\/wp-content\/uploads\/2022\/02\/100_0022-1-1024x768.jpg\" alt=\"\" class=\"wp-image-1820\" srcset=\"https:\/\/hobbesontour.com\/wp-content\/uploads\/2022\/02\/100_0022-1-1024x768.jpg 1024w, https:\/\/hobbesontour.com\/wp-content\/uploads\/2022\/02\/100_0022-1-300x225.jpg 300w, https:\/\/hobbesontour.com\/wp-content\/uploads\/2022\/02\/100_0022-1-768x576.jpg 768w, https:\/\/hobbesontour.com\/wp-content\/uploads\/2022\/02\/100_0022-1-1536x1152.jpg 1536w, https:\/\/hobbesontour.com\/wp-content\/uploads\/2022\/02\/100_0022-1-1140x855.jpg 1140w, https:\/\/hobbesontour.com\/wp-content\/uploads\/2022\/02\/100_0022-1.jpg 1600w\" sizes=\"auto, (max-width: 1024px) 100vw, 1024px\" \/><\/figure>\n\n\n\n<figure class=\"wp-block-image size-large\"><img loading=\"lazy\" decoding=\"async\" width=\"1024\" height=\"768\" data-id=\"1816\" src=\"https:\/\/hobbesontour.com\/wp-content\/uploads\/2022\/02\/100_0024-1024x768.jpg\" alt=\"\" class=\"wp-image-1816\" srcset=\"https:\/\/hobbesontour.com\/wp-content\/uploads\/2022\/02\/100_0024-1024x768.jpg 1024w, https:\/\/hobbesontour.com\/wp-content\/uploads\/2022\/02\/100_0024-300x225.jpg 300w, https:\/\/hobbesontour.com\/wp-content\/uploads\/2022\/02\/100_0024-768x576.jpg 768w, https:\/\/hobbesontour.com\/wp-content\/uploads\/2022\/02\/100_0024-1536x1152.jpg 1536w, https:\/\/hobbesontour.com\/wp-content\/uploads\/2022\/02\/100_0024-1140x855.jpg 1140w, https:\/\/hobbesontour.com\/wp-content\/uploads\/2022\/02\/100_0024.jpg 1600w\" sizes=\"auto, (max-width: 1024px) 100vw, 1024px\" \/><\/figure>\n\n\n\n<figure class=\"wp-block-image size-large\"><img loading=\"lazy\" decoding=\"async\" width=\"1024\" height=\"768\" data-id=\"1821\" src=\"https:\/\/hobbesontour.com\/wp-content\/uploads\/2022\/02\/100_0026-1-1024x768.jpg\" alt=\"\" class=\"wp-image-1821\" srcset=\"https:\/\/hobbesontour.com\/wp-content\/uploads\/2022\/02\/100_0026-1-1024x768.jpg 1024w, https:\/\/hobbesontour.com\/wp-content\/uploads\/2022\/02\/100_0026-1-300x225.jpg 300w, https:\/\/hobbesontour.com\/wp-content\/uploads\/2022\/02\/100_0026-1-768x576.jpg 768w, https:\/\/hobbesontour.com\/wp-content\/uploads\/2022\/02\/100_0026-1-1536x1152.jpg 1536w, https:\/\/hobbesontour.com\/wp-content\/uploads\/2022\/02\/100_0026-1-1140x855.jpg 1140w, https:\/\/hobbesontour.com\/wp-content\/uploads\/2022\/02\/100_0026-1.jpg 1600w\" sizes=\"auto, (max-width: 1024px) 100vw, 1024px\" \/><\/figure>\n\n\n\n<figure class=\"wp-block-image size-large\"><img loading=\"lazy\" decoding=\"async\" width=\"1024\" height=\"768\" data-id=\"1818\" src=\"https:\/\/hobbesontour.com\/wp-content\/uploads\/2022\/02\/100_0029-1-1024x768.jpg\" alt=\"\" class=\"wp-image-1818\" srcset=\"https:\/\/hobbesontour.com\/wp-content\/uploads\/2022\/02\/100_0029-1-1024x768.jpg 1024w, https:\/\/hobbesontour.com\/wp-content\/uploads\/2022\/02\/100_0029-1-300x225.jpg 300w, https:\/\/hobbesontour.com\/wp-content\/uploads\/2022\/02\/100_0029-1-768x576.jpg 768w, https:\/\/hobbesontour.com\/wp-content\/uploads\/2022\/02\/100_0029-1-1536x1152.jpg 1536w, https:\/\/hobbesontour.com\/wp-content\/uploads\/2022\/02\/100_0029-1-1140x855.jpg 1140w, https:\/\/hobbesontour.com\/wp-content\/uploads\/2022\/02\/100_0029-1.jpg 1600w\" sizes=\"auto, (max-width: 1024px) 100vw, 1024px\" \/><\/figure>\n<\/figure>\n\n\n\n<p>27.04.2004 &#8211; Tagestour Bajardo, Isolabona, Molini, Badalucco<\/p>\n\n\n\n<figure class=\"wp-block-gallery has-nested-images columns-default is-cropped wp-block-gallery-4 is-layout-flex wp-block-gallery-is-layout-flex\">\n<figure class=\"wp-block-image size-large\"><img loading=\"lazy\" decoding=\"async\" width=\"1024\" height=\"768\" data-id=\"1824\" src=\"https:\/\/hobbesontour.com\/wp-content\/uploads\/2022\/02\/100_0039-1024x768.jpg\" alt=\"\" class=\"wp-image-1824\" srcset=\"https:\/\/hobbesontour.com\/wp-content\/uploads\/2022\/02\/100_0039-1024x768.jpg 1024w, https:\/\/hobbesontour.com\/wp-content\/uploads\/2022\/02\/100_0039-300x225.jpg 300w, https:\/\/hobbesontour.com\/wp-content\/uploads\/2022\/02\/100_0039-768x576.jpg 768w, https:\/\/hobbesontour.com\/wp-content\/uploads\/2022\/02\/100_0039-1536x1152.jpg 1536w, https:\/\/hobbesontour.com\/wp-content\/uploads\/2022\/02\/100_0039-1140x855.jpg 1140w, https:\/\/hobbesontour.com\/wp-content\/uploads\/2022\/02\/100_0039.jpg 1600w\" sizes=\"auto, (max-width: 1024px) 100vw, 1024px\" \/><\/figure>\n\n\n\n<figure class=\"wp-block-image size-large\"><img loading=\"lazy\" decoding=\"async\" width=\"1024\" height=\"768\" data-id=\"1827\" src=\"https:\/\/hobbesontour.com\/wp-content\/uploads\/2022\/02\/100_0041-1-1024x768.jpg\" alt=\"\" class=\"wp-image-1827\" srcset=\"https:\/\/hobbesontour.com\/wp-content\/uploads\/2022\/02\/100_0041-1-1024x768.jpg 1024w, https:\/\/hobbesontour.com\/wp-content\/uploads\/2022\/02\/100_0041-1-300x225.jpg 300w, https:\/\/hobbesontour.com\/wp-content\/uploads\/2022\/02\/100_0041-1-768x576.jpg 768w, https:\/\/hobbesontour.com\/wp-content\/uploads\/2022\/02\/100_0041-1-1536x1152.jpg 1536w, https:\/\/hobbesontour.com\/wp-content\/uploads\/2022\/02\/100_0041-1-1140x855.jpg 1140w, https:\/\/hobbesontour.com\/wp-content\/uploads\/2022\/02\/100_0041-1.jpg 1600w\" sizes=\"auto, (max-width: 1024px) 100vw, 1024px\" \/><\/figure>\n\n\n\n<figure class=\"wp-block-image size-large\"><img loading=\"lazy\" decoding=\"async\" width=\"768\" height=\"1024\" data-id=\"1832\" src=\"https:\/\/hobbesontour.com\/wp-content\/uploads\/2022\/02\/100_0048-768x1024.jpg\" alt=\"\" class=\"wp-image-1832\" srcset=\"https:\/\/hobbesontour.com\/wp-content\/uploads\/2022\/02\/100_0048-768x1024.jpg 768w, https:\/\/hobbesontour.com\/wp-content\/uploads\/2022\/02\/100_0048-225x300.jpg 225w, https:\/\/hobbesontour.com\/wp-content\/uploads\/2022\/02\/100_0048-1152x1536.jpg 1152w, https:\/\/hobbesontour.com\/wp-content\/uploads\/2022\/02\/100_0048-1140x1520.jpg 1140w, https:\/\/hobbesontour.com\/wp-content\/uploads\/2022\/02\/100_0048.jpg 1200w\" sizes=\"auto, (max-width: 768px) 100vw, 768px\" \/><\/figure>\n\n\n\n<figure class=\"wp-block-image size-large\"><img loading=\"lazy\" decoding=\"async\" width=\"1024\" height=\"768\" data-id=\"1830\" src=\"https:\/\/hobbesontour.com\/wp-content\/uploads\/2022\/02\/100_0052-1024x768.jpg\" alt=\"\" class=\"wp-image-1830\" srcset=\"https:\/\/hobbesontour.com\/wp-content\/uploads\/2022\/02\/100_0052-1024x768.jpg 1024w, https:\/\/hobbesontour.com\/wp-content\/uploads\/2022\/02\/100_0052-300x225.jpg 300w, https:\/\/hobbesontour.com\/wp-content\/uploads\/2022\/02\/100_0052-768x576.jpg 768w, https:\/\/hobbesontour.com\/wp-content\/uploads\/2022\/02\/100_0052-1536x1152.jpg 1536w, https:\/\/hobbesontour.com\/wp-content\/uploads\/2022\/02\/100_0052-1140x855.jpg 1140w, https:\/\/hobbesontour.com\/wp-content\/uploads\/2022\/02\/100_0052.jpg 1600w\" sizes=\"auto, (max-width: 1024px) 100vw, 1024px\" \/><\/figure>\n\n\n\n<figure class=\"wp-block-image size-large\"><img loading=\"lazy\" decoding=\"async\" width=\"1024\" height=\"768\" data-id=\"1826\" src=\"https:\/\/hobbesontour.com\/wp-content\/uploads\/2022\/02\/100_0055-1024x768.jpg\" alt=\"\" class=\"wp-image-1826\" srcset=\"https:\/\/hobbesontour.com\/wp-content\/uploads\/2022\/02\/100_0055-1024x768.jpg 1024w, https:\/\/hobbesontour.com\/wp-content\/uploads\/2022\/02\/100_0055-300x225.jpg 300w, https:\/\/hobbesontour.com\/wp-content\/uploads\/2022\/02\/100_0055-768x576.jpg 768w, https:\/\/hobbesontour.com\/wp-content\/uploads\/2022\/02\/100_0055-1536x1152.jpg 1536w, https:\/\/hobbesontour.com\/wp-content\/uploads\/2022\/02\/100_0055-1140x855.jpg 1140w, https:\/\/hobbesontour.com\/wp-content\/uploads\/2022\/02\/100_0055.jpg 1600w\" sizes=\"auto, (max-width: 1024px) 100vw, 1024px\" \/><\/figure>\n\n\n\n<figure class=\"wp-block-image size-large\"><img loading=\"lazy\" decoding=\"async\" width=\"1024\" height=\"768\" data-id=\"1822\" src=\"https:\/\/hobbesontour.com\/wp-content\/uploads\/2022\/02\/100_0056-1024x768.jpg\" alt=\"\" class=\"wp-image-1822\" srcset=\"https:\/\/hobbesontour.com\/wp-content\/uploads\/2022\/02\/100_0056-1024x768.jpg 1024w, https:\/\/hobbesontour.com\/wp-content\/uploads\/2022\/02\/100_0056-300x225.jpg 300w, https:\/\/hobbesontour.com\/wp-content\/uploads\/2022\/02\/100_0056-768x576.jpg 768w, https:\/\/hobbesontour.com\/wp-content\/uploads\/2022\/02\/100_0056-1536x1152.jpg 1536w, https:\/\/hobbesontour.com\/wp-content\/uploads\/2022\/02\/100_0056-1140x855.jpg 1140w, https:\/\/hobbesontour.com\/wp-content\/uploads\/2022\/02\/100_0056.jpg 1600w\" sizes=\"auto, (max-width: 1024px) 100vw, 1024px\" \/><\/figure>\n\n\n\n<figure class=\"wp-block-image size-large\"><img loading=\"lazy\" decoding=\"async\" width=\"768\" height=\"1024\" data-id=\"1825\" src=\"https:\/\/hobbesontour.com\/wp-content\/uploads\/2022\/02\/100_0059-1-768x1024.jpg\" alt=\"\" class=\"wp-image-1825\" srcset=\"https:\/\/hobbesontour.com\/wp-content\/uploads\/2022\/02\/100_0059-1-768x1024.jpg 768w, https:\/\/hobbesontour.com\/wp-content\/uploads\/2022\/02\/100_0059-1-225x300.jpg 225w, https:\/\/hobbesontour.com\/wp-content\/uploads\/2022\/02\/100_0059-1-1152x1536.jpg 1152w, https:\/\/hobbesontour.com\/wp-content\/uploads\/2022\/02\/100_0059-1-1140x1520.jpg 1140w, https:\/\/hobbesontour.com\/wp-content\/uploads\/2022\/02\/100_0059-1.jpg 1200w\" sizes=\"auto, (max-width: 768px) 100vw, 768px\" \/><\/figure>\n\n\n\n<figure class=\"wp-block-image size-large\"><img loading=\"lazy\" decoding=\"async\" width=\"1024\" height=\"768\" data-id=\"1828\" src=\"https:\/\/hobbesontour.com\/wp-content\/uploads\/2022\/02\/100_0065-1024x768.jpg\" alt=\"\" class=\"wp-image-1828\" srcset=\"https:\/\/hobbesontour.com\/wp-content\/uploads\/2022\/02\/100_0065-1024x768.jpg 1024w, https:\/\/hobbesontour.com\/wp-content\/uploads\/2022\/02\/100_0065-300x225.jpg 300w, https:\/\/hobbesontour.com\/wp-content\/uploads\/2022\/02\/100_0065-768x576.jpg 768w, https:\/\/hobbesontour.com\/wp-content\/uploads\/2022\/02\/100_0065-1536x1152.jpg 1536w, https:\/\/hobbesontour.com\/wp-content\/uploads\/2022\/02\/100_0065-1140x855.jpg 1140w, https:\/\/hobbesontour.com\/wp-content\/uploads\/2022\/02\/100_0065.jpg 1600w\" sizes=\"auto, (max-width: 1024px) 100vw, 1024px\" \/><\/figure>\n\n\n\n<figure class=\"wp-block-image size-large\"><img loading=\"lazy\" decoding=\"async\" width=\"1024\" height=\"768\" data-id=\"1831\" src=\"https:\/\/hobbesontour.com\/wp-content\/uploads\/2022\/02\/100_0068-1-1024x768.jpg\" alt=\"\" class=\"wp-image-1831\" srcset=\"https:\/\/hobbesontour.com\/wp-content\/uploads\/2022\/02\/100_0068-1-1024x768.jpg 1024w, https:\/\/hobbesontour.com\/wp-content\/uploads\/2022\/02\/100_0068-1-300x225.jpg 300w, https:\/\/hobbesontour.com\/wp-content\/uploads\/2022\/02\/100_0068-1-768x576.jpg 768w, https:\/\/hobbesontour.com\/wp-content\/uploads\/2022\/02\/100_0068-1-1536x1152.jpg 1536w, https:\/\/hobbesontour.com\/wp-content\/uploads\/2022\/02\/100_0068-1-1140x855.jpg 1140w, https:\/\/hobbesontour.com\/wp-content\/uploads\/2022\/02\/100_0068-1.jpg 1600w\" sizes=\"auto, (max-width: 1024px) 100vw, 1024px\" \/><\/figure>\n<\/figure>\n\n\n\n<p>28.04.2004 &#8211; \u00dcber Lenno geht es wieder heimw\u00e4rts, Mathias f\u00e4hrt durch, MArtin und ich campen noch mal am Comosee<\/p>\n\n\n\n<figure class=\"wp-block-gallery has-nested-images columns-default is-cropped wp-block-gallery-5 is-layout-flex wp-block-gallery-is-layout-flex\">\n<figure class=\"wp-block-image size-large\"><img loading=\"lazy\" decoding=\"async\" width=\"1024\" height=\"768\" data-id=\"1833\" src=\"https:\/\/hobbesontour.com\/wp-content\/uploads\/2022\/02\/100_0080-1024x768.jpg\" alt=\"\" class=\"wp-image-1833\" srcset=\"https:\/\/hobbesontour.com\/wp-content\/uploads\/2022\/02\/100_0080-1024x768.jpg 1024w, https:\/\/hobbesontour.com\/wp-content\/uploads\/2022\/02\/100_0080-300x225.jpg 300w, https:\/\/hobbesontour.com\/wp-content\/uploads\/2022\/02\/100_0080-768x576.jpg 768w, https:\/\/hobbesontour.com\/wp-content\/uploads\/2022\/02\/100_0080-1536x1152.jpg 1536w, https:\/\/hobbesontour.com\/wp-content\/uploads\/2022\/02\/100_0080-1140x855.jpg 1140w, https:\/\/hobbesontour.com\/wp-content\/uploads\/2022\/02\/100_0080.jpg 1600w\" sizes=\"auto, (max-width: 1024px) 100vw, 1024px\" \/><\/figure>\n\n\n\n<figure class=\"wp-block-image size-large\"><img loading=\"lazy\" decoding=\"async\" width=\"1024\" height=\"768\" data-id=\"1835\" src=\"https:\/\/hobbesontour.com\/wp-content\/uploads\/2022\/02\/100_0081-1024x768.jpg\" alt=\"\" class=\"wp-image-1835\" srcset=\"https:\/\/hobbesontour.com\/wp-content\/uploads\/2022\/02\/100_0081-1024x768.jpg 1024w, https:\/\/hobbesontour.com\/wp-content\/uploads\/2022\/02\/100_0081-300x225.jpg 300w, https:\/\/hobbesontour.com\/wp-content\/uploads\/2022\/02\/100_0081-768x576.jpg 768w, https:\/\/hobbesontour.com\/wp-content\/uploads\/2022\/02\/100_0081-1536x1152.jpg 1536w, https:\/\/hobbesontour.com\/wp-content\/uploads\/2022\/02\/100_0081-1140x855.jpg 1140w, https:\/\/hobbesontour.com\/wp-content\/uploads\/2022\/02\/100_0081.jpg 1600w\" sizes=\"auto, (max-width: 1024px) 100vw, 1024px\" \/><\/figure>\n\n\n\n<figure class=\"wp-block-image size-large\"><img loading=\"lazy\" decoding=\"async\" width=\"768\" height=\"1024\" data-id=\"1836\" src=\"https:\/\/hobbesontour.com\/wp-content\/uploads\/2022\/02\/100_0084-768x1024.jpg\" alt=\"\" class=\"wp-image-1836\" srcset=\"https:\/\/hobbesontour.com\/wp-content\/uploads\/2022\/02\/100_0084-768x1024.jpg 768w, https:\/\/hobbesontour.com\/wp-content\/uploads\/2022\/02\/100_0084-225x300.jpg 225w, https:\/\/hobbesontour.com\/wp-content\/uploads\/2022\/02\/100_0084-1152x1536.jpg 1152w, https:\/\/hobbesontour.com\/wp-content\/uploads\/2022\/02\/100_0084-1140x1520.jpg 1140w, https:\/\/hobbesontour.com\/wp-content\/uploads\/2022\/02\/100_0084.jpg 1200w\" sizes=\"auto, (max-width: 768px) 100vw, 768px\" \/><\/figure>\n\n\n\n<figure class=\"wp-block-image size-large\"><img loading=\"lazy\" decoding=\"async\" width=\"1024\" height=\"768\" data-id=\"1834\" src=\"https:\/\/hobbesontour.com\/wp-content\/uploads\/2022\/02\/100_0086-1024x768.jpg\" alt=\"\" class=\"wp-image-1834\" srcset=\"https:\/\/hobbesontour.com\/wp-content\/uploads\/2022\/02\/100_0086-1024x768.jpg 1024w, https:\/\/hobbesontour.com\/wp-content\/uploads\/2022\/02\/100_0086-300x225.jpg 300w, https:\/\/hobbesontour.com\/wp-content\/uploads\/2022\/02\/100_0086-768x576.jpg 768w, https:\/\/hobbesontour.com\/wp-content\/uploads\/2022\/02\/100_0086-1536x1152.jpg 1536w, https:\/\/hobbesontour.com\/wp-content\/uploads\/2022\/02\/100_0086-1140x855.jpg 1140w, https:\/\/hobbesontour.com\/wp-content\/uploads\/2022\/02\/100_0086.jpg 1600w\" sizes=\"auto, (max-width: 1024px) 100vw, 1024px\" \/><\/figure>\n\n\n\n<figure class=\"wp-block-image size-large\"><img loading=\"lazy\" decoding=\"async\" width=\"1024\" height=\"768\" data-id=\"1838\" src=\"https:\/\/hobbesontour.com\/wp-content\/uploads\/2022\/02\/100_0095-1024x768.jpg\" alt=\"\" class=\"wp-image-1838\" srcset=\"https:\/\/hobbesontour.com\/wp-content\/uploads\/2022\/02\/100_0095-1024x768.jpg 1024w, https:\/\/hobbesontour.com\/wp-content\/uploads\/2022\/02\/100_0095-300x225.jpg 300w, https:\/\/hobbesontour.com\/wp-content\/uploads\/2022\/02\/100_0095-768x576.jpg 768w, https:\/\/hobbesontour.com\/wp-content\/uploads\/2022\/02\/100_0095-1536x1152.jpg 1536w, https:\/\/hobbesontour.com\/wp-content\/uploads\/2022\/02\/100_0095-1140x855.jpg 1140w, https:\/\/hobbesontour.com\/wp-content\/uploads\/2022\/02\/100_0095.jpg 1600w\" sizes=\"auto, (max-width: 1024px) 100vw, 1024px\" \/><\/figure>\n\n\n\n<figure class=\"wp-block-image size-large\"><img loading=\"lazy\" decoding=\"async\" width=\"768\" height=\"1024\" data-id=\"1837\" src=\"https:\/\/hobbesontour.com\/wp-content\/uploads\/2022\/02\/100_0099-768x1024.jpg\" alt=\"\" class=\"wp-image-1837\" srcset=\"https:\/\/hobbesontour.com\/wp-content\/uploads\/2022\/02\/100_0099-768x1024.jpg 768w, https:\/\/hobbesontour.com\/wp-content\/uploads\/2022\/02\/100_0099-225x300.jpg 225w, https:\/\/hobbesontour.com\/wp-content\/uploads\/2022\/02\/100_0099-1152x1536.jpg 1152w, https:\/\/hobbesontour.com\/wp-content\/uploads\/2022\/02\/100_0099-1140x1520.jpg 1140w, https:\/\/hobbesontour.com\/wp-content\/uploads\/2022\/02\/100_0099.jpg 1200w\" sizes=\"auto, (max-width: 768px) 100vw, 768px\" \/><\/figure>\n<\/figure>\n","protected":false},"excerpt":{"rendered":"<p>24.04.2004 &#8211; Anreise \u00fcber San Bernardino und Camping am Ortasee 25.04.2004 &#8211; Weiterfahrt nach Torre Pellice 26.04.2004 Und weiter gehts nach S\u00fcd West \u00fcber Cuneo bis nach San Remo 27.04.2004 &#8211; Tagestour Bajardo, Isolabona, Molini, Badalucco 28.04.2004 &#8211; \u00dcber Lenno geht es wieder heimw\u00e4rts, Mathias f\u00e4hrt durch, MArtin und ich campen noch mal am Comosee<\/p>\n","protected":false},"author":1,"featured_media":0,"parent":273,"menu_order":2004,"comment_status":"closed","ping_status":"closed","template":"","meta":{"_bbp_topic_count":0,"_bbp_reply_count":0,"_bbp_total_topic_count":0,"_bbp_total_reply_count":0,"_bbp_voice_count":0,"_bbp_anonymous_reply_count":0,"_bbp_topic_count_hidden":0,"_bbp_reply_count_hidden":0,"_bbp_forum_subforum_count":0,"footnotes":""},"class_list":["post-1807","page","type-page","status-publish","hentry"],"_links":{"self":[{"href":"https:\/\/hobbesontour.com\/index.php?rest_route=\/wp\/v2\/pages\/1807","targetHints":{"allow":["GET"]}}],"collection":[{"href":"https:\/\/hobbesontour.com\/index.php?rest_route=\/wp\/v2\/pages"}],"about":[{"href":"https:\/\/hobbesontour.com\/index.php?rest_route=\/wp\/v2\/types\/page"}],"author":[{"embeddable":true,"href":"https:\/\/hobbesontour.com\/index.php?rest_route=\/wp\/v2\/users\/1"}],"replies":[{"embeddable":true,"href":"https:\/\/hobbesontour.com\/index.php?rest_route=%2Fwp%2Fv2%2Fcomments&post=1807"}],"version-history":[{"count":1,"href":"https:\/\/hobbesontour.com\/index.php?rest_route=\/wp\/v2\/pages\/1807\/revisions"}],"predecessor-version":[{"id":1839,"href":"https:\/\/hobbesontour.com\/index.php?rest_route=\/wp\/v2\/pages\/1807\/revisions\/1839"}],"up":[{"embeddable":true,"href":"https:\/\/hobbesontour.com\/index.php?rest_route=\/wp\/v2\/pages\/273"}],"wp:attachment":[{"href":"https:\/\/hobbesontour.com\/index.php?rest_route=%2Fwp%2Fv2%2Fmedia&parent=1807"}],"curies":[{"name":"wp","href":"https:\/\/api.w.org\/{rel}","templated":true}]}}