{"id":273,"date":"2021-02-25T14:52:13","date_gmt":"2021-02-25T14:52:13","guid":{"rendered":"https:\/\/hobbes-on-tour.de\/textseite\/"},"modified":"2022-02-21T20:59:00","modified_gmt":"2022-02-21T20:59:00","slug":"textseite","status":"publish","type":"page","link":"https:\/\/hobbesontour.com\/","title":{"rendered":"(Hobbes on) Touren"},"content":{"rendered":"\n<p>Meine Reisen. Egal ob mit Motorrad, zu Fu\u00df oder mit dem Camper . Es geht hinaus in die Welt.<\/p>\n\n\n\n<p>Manchmal sind Webseiten angebunden. Diese Seite wird hoffentlich am h\u00e4ufigsten aktualisiert \ud83d\ude42<\/p>\n\n\n\n<figure class=\"wp-block-image size-large\"><img loading=\"lazy\" decoding=\"async\" width=\"1024\" height=\"338\" src=\"https:\/\/hobbesontour.com\/wp-content\/uploads\/2022\/02\/20220215_181728-1024x338.jpg\" alt=\"\" class=\"wp-image-1166\" srcset=\"https:\/\/hobbesontour.com\/wp-content\/uploads\/2022\/02\/20220215_181728-1024x338.jpg 1024w, https:\/\/hobbesontour.com\/wp-content\/uploads\/2022\/02\/20220215_181728-300x99.jpg 300w, https:\/\/hobbesontour.com\/wp-content\/uploads\/2022\/02\/20220215_181728-768x253.jpg 768w, https:\/\/hobbesontour.com\/wp-content\/uploads\/2022\/02\/20220215_181728-1536x507.jpg 1536w, https:\/\/hobbesontour.com\/wp-content\/uploads\/2022\/02\/20220215_181728-2048x676.jpg 2048w, https:\/\/hobbesontour.com\/wp-content\/uploads\/2022\/02\/20220215_181728-1140x376.jpg 1140w\" sizes=\"auto, (max-width: 1024px) 100vw, 1024px\" \/><\/figure>\n\n\n\n<p><\/p>\n\n\n\n<h1 class=\"wp-block-heading\" id=\"marokko-2013\">Slowenien  <mark style=\"background-color:rgba(0, 0, 0, 0)\" class=\"has-inline-color has-vivid-red-color\">(2002)<\/mark><\/h1>\n\n\n\n<p>(MOTORRAD) die erste &#8222;gr\u00f6\u00dfere&#8220; Tour mit Bernd nach Slowenien (Triglav-Nationalpark)<\/p>\n\n\n\n<p class=\"has-vivid-cyan-blue-color has-text-color has-background\" style=\"background-color:#ececec\"><a href=\"https:\/\/hobbesontour.com\/?page_id=1158\">2002 Slowenien (Motorrad)<\/a><\/p>\n\n\n\n<h1 class=\"wp-block-heading\" id=\"marokko-2013\">Ungarn  <mark style=\"background-color:rgba(0, 0, 0, 0)\" class=\"has-inline-color has-vivid-red-color\">(2003)<\/mark><\/h1>\n\n\n\n<p>(MOTORRAD) Erneut gen Osten zu Verwandten in Ungarn &#8211; mit dabei wieder Bernd<\/p>\n\n\n\n<p class=\"has-vivid-cyan-blue-color has-text-color has-background\" style=\"background-color:#ececec\"><a href=\"https:\/\/hobbesontour.com\/?page_id=1561\">2003 Ungarn (Motorrad)<\/a><\/p>\n\n\n\n<h1 class=\"wp-block-heading\" id=\"marokko-2013\">Italien-Nordwesten  <mark style=\"background-color:rgba(0, 0, 0, 0)\" class=\"has-inline-color has-vivid-red-color\">(2004)<\/mark><\/h1>\n\n\n\n<p>(MOTORRAD) Mit Freunden in den S\u00fcden, an den Westalpen vorbei bis San Remo<\/p>\n\n\n\n<p class=\"has-vivid-cyan-blue-color has-text-color has-background\" style=\"background-color:#ececec\"><a href=\"https:\/\/hobbesontour.com\/?page_id=1807\">2004 Italien nach San Remo (Motorrad)<\/a><\/p>\n\n\n\n<h1 class=\"wp-block-heading\" id=\"marokko-2013\">Schwarzwald &amp; Italien-S\u00fcdtirol  <mark style=\"background-color:rgba(0, 0, 0, 0)\" class=\"has-inline-color has-vivid-red-color\">(2005)<\/mark><\/h1>\n\n\n\n<p>(MOTORRAD) Mit der Trophy und Freunden geht es erst in den Schwarzwald, dann erneut nach Italien zum Gardasee<\/p>\n\n\n\n<p class=\"has-vivid-cyan-blue-color has-text-color has-background\" style=\"background-color:#ececec\"><a href=\"https:\/\/hobbesontour.com\/?page_id=1841\">2005 Schwarzwald und Gardasee (Motorrad)<\/a><\/p>\n\n\n\n<h1 class=\"wp-block-heading\" id=\"marokko-2013\">Kuba  <mark style=\"background-color:rgba(0, 0, 0, 0)\" class=\"has-inline-color has-vivid-red-color\">(2005)<\/mark><\/h1>\n\n\n\n<p>Mit Moni auf die Insel der Revolution<\/p>\n\n\n\n<p class=\"has-vivid-cyan-blue-color has-text-color has-background\" style=\"background-color:#ececec\"><a href=\"https:\/\/hobbesontour.com\/?page_id=1419\">2005 Kuba<\/a><\/p>\n\n\n\n<h1 class=\"wp-block-heading\" id=\"marokko-2013\">Sardinien <mark style=\"background-color:rgba(0, 0, 0, 0)\" class=\"has-inline-color has-vivid-red-color\">(2006)<\/mark><\/h1>\n\n\n\n<p>(MOTORRAD) Mit J\u00fcrgen unsere &#8222;Junggesellenabschiedstour&#8220;<\/p>\n\n\n\n<p class=\"has-vivid-cyan-blue-color has-text-color has-background\" style=\"background-color:#ececec\"><a href=\"https:\/\/hobbesontour.com\/?page_id=1876\">2006 Sardinien (Motorrad)<\/a><\/p>\n\n\n\n<h1 class=\"wp-block-heading\" id=\"marokko-2013\">Kreta  <mark style=\"background-color:rgba(0, 0, 0, 0)\" class=\"has-inline-color has-vivid-red-color\">(2006)<\/mark><\/h1>\n\n\n\n<p>Honeymoon<\/p>\n\n\n\n<h1 class=\"wp-block-heading\" id=\"marokko-2013\">Slowenien und Kroatien  <mark style=\"background-color:rgba(0, 0, 0, 0)\" class=\"has-inline-color has-vivid-red-color\">(2007)<\/mark><\/h1>\n\n\n\n<p>(MOTORRAD) Es geht nach S\u00fcdosten, mit Mathias nach Slowenien, dann Treffen in Kroatien und die K\u00fcste entlang nach S\u00fcden<\/p>\n\n\n\n<h1 class=\"wp-block-heading\" id=\"marokko-2013\">USA &#8211; Colorado und Pennsylvania <mark style=\"background-color:rgba(0, 0, 0, 0)\" class=\"has-inline-color has-vivid-red-color\">(2007)<\/mark><\/h1>\n\n\n\n<p>Zu Besuch im YMCA Camp in den Rockys, mit dabei ein Abstecher nach Utah zum Arches Nationalpark und zum Mesa-Verde-Nationalpark &#8211; dann Weiterflug nach Pennsylvania und zu Besuch bei Hannelore <\/p>\n\n\n\n<p>( incl. NewYork-Abstecher und Niagaraf\u00e4lle)<\/p>\n\n\n\n<p class=\"has-vivid-cyan-blue-color has-text-color has-background\" style=\"background-color:#ececec\"><a href=\"https:\/\/hobbesontour.com\/?page_id=1315\">2007 USA &#8211; Colorado und Pennsylvania<\/a><\/p>\n\n\n\n<h1 class=\"wp-block-heading\" id=\"marokko-2013\">Korsika  <mark style=\"background-color:rgba(0, 0, 0, 0)\" class=\"has-inline-color has-vivid-red-color\">(2008)<\/mark><\/h1>\n\n\n\n<p>(MOTORRAD) Erneut geht\u00b4s nach S\u00fcden ins Warme, Ziel die franz\u00f6sische Insel Korsika.<\/p>\n\n\n\n<h1 class=\"wp-block-heading\" id=\"marokko-2013\">Ungarn <mark style=\"background-color:rgba(0, 0, 0, 0)\" class=\"has-inline-color has-vivid-red-color\">(2008)<\/mark><\/h1>\n\n\n\n<p>(MOTORRAD) Moni f\u00e4hrt mit bis nach Gyula, Abstecher nach Rum\u00e4nien<\/p>\n\n\n\n<h1 class=\"wp-block-heading\" id=\"marokko-2013\">Florenz  <mark style=\"background-color:rgba(0, 0, 0, 0)\" class=\"has-inline-color has-vivid-red-color\">(2009)<\/mark><\/h1>\n\n\n\n<p>(MOTORRAD) Ab zum Campingplatz Michelangelo im Herzen der wundersch\u00f6nen italienischen Stadt Florenz<\/p>\n\n\n\n<h1 class=\"wp-block-heading\" id=\"marokko-2013\">Lucca  <mark style=\"background-color:rgba(0, 0, 0, 0)\" class=\"has-inline-color has-vivid-red-color\">(2013)<\/mark><\/h1>\n\n\n\n<p>Melanie und Moni sind dabei wenn es in den Norden Italiens geht, Ein Besuch in Pisa durfte nat\u00fcrlich auch nicht fehlen<\/p>\n\n\n\n<h1 class=\"wp-block-heading\" id=\"marokko-2013\">Shanghai EXPO  <mark style=\"background-color:rgba(0, 0, 0, 0)\" class=\"has-inline-color has-vivid-red-color\">(2010)<\/mark><\/h1>\n\n\n\n<p>China pr\u00e4sentiert sich &#8211; und wir fliegen hin. Ein wahnsinnig toller Ausflug in das Reich der Mitte<\/p>\n\n\n\n<p class=\"has-vivid-cyan-blue-color has-text-color has-background\" style=\"background-color:#ececec\"><a href=\"https:\/\/hobbesontour.com\/?page_id=1257\">2010 Shanghai EXPO<\/a><\/p>\n\n\n\n<h1 class=\"wp-block-heading\" id=\"marokko-2013\">Frankreich  <mark style=\"background-color:rgba(0, 0, 0, 0)\" class=\"has-inline-color has-vivid-red-color\">(2010)<\/mark><\/h1>\n\n\n\n<p>(MOTORRAD) Der See &#8222;Lac d\u00b4Annecy&#8220; ist unser Ziel. Eine Woche Motorradtrip<\/p>\n\n\n\n<h1 class=\"wp-block-heading\" id=\"marokko-2013\">Toscana  <mark style=\"background-color:rgba(0, 0, 0, 0)\" class=\"has-inline-color has-vivid-red-color\">(2010)<\/mark><\/h1>\n\n\n\n<p>Ein wunderbarer Urlaub auf einer Agricultura. Mit Mushroomhunting incl.<\/p>\n\n\n\n<h1 class=\"wp-block-heading\" id=\"marokko-2013\">Sardinien  <mark style=\"background-color:rgba(0, 0, 0, 0)\" class=\"has-inline-color has-vivid-red-color\">(2011)<\/mark><\/h1>\n\n\n\n<p>(MOTORRAD) Enduroreise auf die italienische Insel. Wir sind ein paar MDMOT-Routen abgefahren<\/p>\n\n\n\n<h1 class=\"wp-block-heading\" id=\"marokko-2013\">Mecklenburgsche Seenplatte  <mark style=\"background-color:rgba(0, 0, 0, 0)\" class=\"has-inline-color has-vivid-red-color\">(2011)<\/mark><\/h1>\n\n\n\n<p>Haubooturlaub &#8211; mal was ganz anderes &#8211; und sicher nicht zum letzten Mal<\/p>\n\n\n\n<h1 class=\"wp-block-heading\" id=\"marokko-2013\">Peru &amp; Chile  <mark style=\"background-color:rgba(0, 0, 0, 0)\" class=\"has-inline-color has-vivid-red-color\">(2011)<\/mark><\/h1>\n\n\n\n<p>Wir besuchen mit Mathias und Simone Sams in Santiago de Chile. Vorher aber noch eine Woche Sprachkurs in Arequipa (Peru) und Weihnachten in der W\u00fcste Atakama<\/p>\n\n\n\n<p class=\"has-vivid-cyan-blue-color has-text-color has-background\" style=\"background-color:#ececec\"><a href=\"https:\/\/hobbesontour.com\/?page_id=1195\">2011 S\u00fcdamerika<\/a><\/p>\n\n\n\n<h1 class=\"wp-block-heading\" id=\"marokko-2013\">Meran und Kroatien  <mark style=\"background-color:rgba(0, 0, 0, 0)\" class=\"has-inline-color has-vivid-red-color\">(2012)<\/mark><\/h1>\n\n\n\n<p>Erst Wandern Moni und ich in den Bergen um Meran, Wallwege und gutes Essen. Dann gehts weiter ans Meer bei Istrien <\/p>\n\n\n\n<h1 class=\"wp-block-heading\" id=\"marokko-2013\">Marokko  <mark style=\"background-color:rgba(0, 0, 0, 0)\" class=\"has-inline-color has-vivid-red-color\">(2013)<\/mark> <\/h1>\n\n\n\n<p>(MOTORRAD) der erste gro\u00dfe Motorradtrip au\u00dferhalb Europas &#8211; und gleich nach Afrika &#8211; 3 Wochen Marokko<\/p>\n\n\n\n<p class=\"has-vivid-cyan-blue-color has-text-color has-background\" style=\"background-color:#ececec\"><a href=\"https:\/\/hobbesontour.com\/?page_id=533\">2013 Marokko (Motorrad)<\/a><\/p>\n\n\n\n<h1 class=\"wp-block-heading\" id=\"marokko-2013\">Thailand  <mark style=\"background-color:rgba(0, 0, 0, 0)\" class=\"has-inline-color has-vivid-red-color\">(2014)<\/mark><\/h1>\n\n\n\n<p>Erneut Fernost &#8211; Ins Land des L\u00e4chelns. Bangkok-Chiang Mai-Krabi<\/p>\n\n\n\n<p class=\"has-vivid-cyan-blue-color has-text-color has-background\" style=\"background-color:#ececec\"><a href=\"https:\/\/hobbesontour.com\/?page_id=1451\">2014 Thailand<\/a><\/p>\n\n\n\n<h1 class=\"wp-block-heading\" id=\"marokko-2013\">Sizilien  <mark style=\"background-color:rgba(0, 0, 0, 0)\" class=\"has-inline-color has-vivid-red-color\">(2014)<\/mark><\/h1>\n\n\n\n<p>(MOTORRAD) Zum s\u00fcdlichsten Punkt Italiens. Wir mit F\u00e4hre, Mathias ontheRoad.<\/p>\n\n\n\n<h1 class=\"wp-block-heading\" id=\"norwegen-2015\">Norwegen   <mark style=\"background-color:rgba(0, 0, 0, 0)\" class=\"has-inline-color has-vivid-red-color\">(2015)<\/mark><\/h1>\n\n\n\n<p>(MOTORRAD) Es geht zum n\u00f6rdlichsten Punkt Europas &#8211; dem Nordkap &#8211; und \u00fcber Finnland und Schweden zur\u00fcck<\/p>\n\n\n\n<p class=\"has-vivid-cyan-blue-color has-text-color has-background\" style=\"background-color:#ececec\"><a href=\"https:\/\/hobbesontour.com\/?page_id=536\">2015 \u2013 Norwegen (Motorrad)<\/a><\/p>\n\n\n\n<h1 class=\"wp-block-heading\" id=\"marokko-2013\">Sardinien  <mark style=\"background-color:rgba(0, 0, 0, 0)\" class=\"has-inline-color has-vivid-red-color\">(2015)<\/mark><\/h1>\n\n\n\n<p>Badeurlaub mit Moni &#8211; Damit man etwas mehr sieht haben wir auch gleich 2 Hotels gebucht im Norden der Insel<\/p>\n\n\n\n<h1 class=\"wp-block-heading\" id=\"marokko-2013\">Barcelona  <mark style=\"background-color:rgba(0, 0, 0, 0)\" class=\"has-inline-color has-vivid-red-color\">(2016)<\/mark><\/h1>\n\n\n\n<p>Ein Kultureller Urlaub in der Stadt von Gaudi<\/p>\n\n\n\n<h1 class=\"wp-block-heading\" id=\"marokko-2013\">Laos &amp; Kambodscha  <mark style=\"background-color:rgba(0, 0, 0, 0)\" class=\"has-inline-color has-vivid-red-color\">(2016)<\/mark><\/h1>\n\n\n\n<p>Eine Reise entlang des Mekong. Wir starten im Norden bei Luang Prabang, die Reise endet in Bangkok<\/p>\n\n\n\n<p class=\"has-vivid-cyan-blue-color has-text-color has-background\" style=\"background-color:#ececec\"><a href=\"https:\/\/hobbesontour.com\/?page_id=1646\">2016 \u2013 Laos &amp; Kambodscha<\/a><\/p>\n\n\n\n<h1 class=\"wp-block-heading\" id=\"schottland-2017\">Schottland    <mark style=\"background-color:rgba(0, 0, 0, 0)\" class=\"has-inline-color has-vivid-red-color\">(2017)<\/mark><\/h1>\n\n\n\n<p>(MOTORRAD) Eine Reise ins Land der Schottenr\u00f6cke und der frittierten Marsriegel<\/p>\n\n\n\n<p class=\"has-vivid-cyan-blue-color has-text-color has-background\" style=\"background-color:#ececec\"><a href=\"https:\/\/hobbesontour.com\/?page_id=955\">2017 \u2013 Schottland (Motorrad)<\/a><\/p>\n\n\n\n<h1 class=\"wp-block-heading\" id=\"marokko-2013\">Mexiko &#8211; Yukatan  <mark style=\"background-color:rgba(0, 0, 0, 0)\" class=\"has-inline-color has-vivid-red-color\">(2018)<\/mark><\/h1>\n\n\n\n<p>3 Wochen bei den Mayas.<\/p>\n\n\n\n<p class=\"has-vivid-cyan-blue-color has-text-color has-background\" style=\"background-color:#ececec\"><a href=\"https:\/\/hobbesontour.com\/?page_id=1524\">2018 Mexiko<\/a><\/p>\n\n\n\n<h1 class=\"wp-block-heading\" id=\"sudamerika-november-2018-februar-2019\">S\u00fcdamerika   <mark style=\"background-color:rgba(0, 0, 0, 0)\" class=\"has-inline-color has-vivid-red-color\">(November 2018-Februar 2019)<\/mark><\/h1>\n\n\n\n<p>(MOTORRAD) in 3 Monaten durch 4 L\u00e4nder S\u00fcdamerikas : Chile, Argentinien, Bolivien und Peru<\/p>\n\n\n\n<p class=\"has-vivid-cyan-blue-color has-text-color has-background\" style=\"background-color:#ececec\"><a href=\"https:\/\/hobbesontour.com\/?page_id=337\">2018\/2019 \u2013 S\u00fcdamerika (Motorrad)<\/a><\/p>\n\n\n\n<h1 class=\"wp-block-heading\" id=\"marokko-2013\">Deutschland &#8211; Rheinsteig  <mark style=\"background-color:rgba(0, 0, 0, 0)\" class=\"has-inline-color has-vivid-red-color\">(2019)<\/mark><\/h1>\n\n\n\n<p>Toller Wanderurlaub entlang des Rheins<\/p>\n\n\n\n<h1 class=\"wp-block-heading\" id=\"marokko-2013\">Tunesien &#8211; W\u00fcste Sahara  <mark style=\"background-color:rgba(0, 0, 0, 0)\" class=\"has-inline-color has-vivid-red-color\">(2020)<\/mark><\/h1>\n\n\n\n<p>Ein Traum wurde wahr. Mit Beduinen und Kamelen ziehe ich durch die W\u00fcste.<\/p>\n\n\n\n<p class=\"has-vivid-cyan-blue-color has-text-color has-background\" style=\"background-color:#ececec\"><a href=\"https:\/\/hobbesontour.com\/?page_id=1169\">2020 Tunesien<\/a><\/p>\n\n\n\n<h1 class=\"wp-block-heading\" id=\"marokko-2013\">Slowakei  <mark style=\"background-color:rgba(0, 0, 0, 0)\" class=\"has-inline-color has-vivid-red-color\">(2020)<\/mark><\/h1>\n\n\n\n<p>Erneut ein Wanderurlaub in der Hohen Tatra mit Moni<\/p>\n\n\n\n<h1 class=\"wp-block-heading\" id=\"marokko-2013\">Kroatien &#8211; Rab  <mark style=\"background-color:rgba(0, 0, 0, 0)\" class=\"has-inline-color has-vivid-red-color\">(2021)<\/mark><\/h1>\n\n\n\n<p>Badeurlaub mit Familienzusammenf\u00fchrung<\/p>\n\n\n\n<h1 class=\"wp-block-heading\" id=\"marokko-2013\">USA-Pennsylvania  <mark style=\"background-color:rgba(0, 0, 0, 0)\" class=\"has-inline-color has-vivid-red-color\">(2021)<\/mark><\/h1>\n\n\n\n<p>Familienbesuch im Westen der USA<\/p>\n\n\n\n<h1 class=\"wp-block-heading\" id=\"island\" style=\"text-transform:capitalize\">Island  <strong> <\/strong><mark style=\"background-color:rgba(0, 0, 0, 0)\" class=\"has-inline-color has-vivid-red-color\">(Juli 2022 &#8211; August 2022)<\/mark><\/h1>\n\n\n\n<p>(MOTORRAD) Nach Jahren mit Coronabeschr\u00e4nkungen gehts wieder los zur gr\u00f6\u00dften Vulkaninsel der Welt<\/p>\n\n\n\n<p class=\"has-vivid-cyan-blue-color has-text-color has-background\" style=\"background-color:#ececec\"><a href=\"https:\/\/hobbesontour.com\/?page_id=1117\">2022 \u2013 Island (Motorrad)<\/a><\/p>\n","protected":false},"excerpt":{"rendered":"<p>Meine Reisen. Egal ob mit Motorrad, zu Fu\u00df oder mit dem Camper . Es geht hinaus in die Welt. Manchmal sind Webseiten angebunden. Diese Seite wird hoffentlich am h\u00e4ufigsten aktualisiert \ud83d\ude42 Slowenien (2002) (MOTORRAD) die erste &#8222;gr\u00f6\u00dfere&#8220; Tour mit Bernd nach Slowenien (Triglav-Nationalpark) 2002 Slowenien (Motorrad) Ungarn (2003) (MOTORRAD) Erneut gen Osten zu Verwandten in Ungarn &#8211; mit dabei wieder Bernd 2003 Ungarn (Motorrad) Italien-Nordwesten (2004) (MOTORRAD) Mit Freunden in den S\u00fcden, an den Westalpen vorbei bis San Remo 2004 Italien nach San Remo (Motorrad) Schwarzwald &amp; Italien-S\u00fcdtirol (2005) (MOTORRAD) Mit der Trophy und Freunden geht es erst in den Schwarzwald, dann erneut nach Italien zum Gardasee 2005 Schwarzwald und Gardasee (Motorrad) Kuba (2005) Mit Moni auf die Insel der Revolution 2005 Kuba Sardinien (2006) (MOTORRAD) Mit J\u00fcrgen unsere &#8222;Junggesellenabschiedstour&#8220; 2006 Sardinien (Motorrad) Kreta (2006) Honeymoon Slowenien und Kroatien (2007) (MOTORRAD) Es geht nach S\u00fcdosten, mit Mathias nach Slowenien, dann Treffen in Kroatien und die K\u00fcste entlang nach S\u00fcden USA &#8211; Colorado und Pennsylvania (2007) Zu Besuch im YMCA Camp in den Rockys, mit dabei ein Abstecher nach Utah zum Arches Nationalpark und zum Mesa-Verde-Nationalpark &#8211; dann Weiterflug nach Pennsylvania und zu Besuch bei Hannelore ( incl. NewYork-Abstecher und Niagaraf\u00e4lle) 2007 USA &#8211; Colorado und Pennsylvania Korsika (2008) (MOTORRAD) Erneut geht\u00b4s nach S\u00fcden ins Warme, Ziel die franz\u00f6sische Insel Korsika. Ungarn (2008) (MOTORRAD) Moni f\u00e4hrt mit bis nach Gyula, Abstecher nach Rum\u00e4nien Florenz (2009) (MOTORRAD) Ab zum Campingplatz Michelangelo im Herzen der wundersch\u00f6nen italienischen Stadt Florenz Lucca (2013) Melanie und Moni sind dabei wenn es in den Norden Italiens geht, Ein Besuch in Pisa durfte nat\u00fcrlich auch nicht fehlen Shanghai EXPO (2010) China pr\u00e4sentiert sich &#8211; und wir fliegen hin. Ein wahnsinnig toller Ausflug in das Reich der Mitte 2010 Shanghai EXPO Frankreich (2010) (MOTORRAD) Der See &#8222;Lac d\u00b4Annecy&#8220; ist unser Ziel. Eine Woche Motorradtrip Toscana (2010) Ein wunderbarer Urlaub auf einer Agricultura. Mit Mushroomhunting incl. Sardinien (2011) (MOTORRAD) Enduroreise auf die italienische Insel. Wir sind ein paar MDMOT-Routen abgefahren Mecklenburgsche Seenplatte (2011) Haubooturlaub &#8211; mal was ganz anderes &#8211; und sicher nicht zum letzten Mal Peru &amp; Chile (2011) Wir besuchen mit Mathias und Simone Sams in Santiago de Chile. Vorher aber noch eine Woche Sprachkurs in Arequipa (Peru) und Weihnachten in der W\u00fcste Atakama 2011 S\u00fcdamerika Meran und Kroatien (2012) Erst Wandern Moni und ich in den Bergen um Meran, Wallwege und gutes Essen. Dann gehts weiter ans Meer bei Istrien Marokko (2013) (MOTORRAD) der erste gro\u00dfe Motorradtrip au\u00dferhalb Europas &#8211; und gleich nach Afrika &#8211; 3 Wochen Marokko 2013 Marokko (Motorrad) Thailand (2014) Erneut Fernost &#8211; Ins Land des L\u00e4chelns. Bangkok-Chiang Mai-Krabi 2014 Thailand Sizilien (2014) (MOTORRAD) Zum s\u00fcdlichsten Punkt Italiens. Wir mit F\u00e4hre, Mathias ontheRoad. Norwegen (2015) (MOTORRAD) Es geht zum n\u00f6rdlichsten Punkt Europas &#8211; dem Nordkap &#8211; und \u00fcber Finnland und Schweden zur\u00fcck 2015 \u2013 Norwegen (Motorrad) Sardinien (2015) Badeurlaub mit Moni &#8211; Damit man etwas mehr sieht haben wir auch gleich 2 Hotels gebucht im Norden der Insel Barcelona (2016) Ein Kultureller Urlaub in der Stadt von Gaudi Laos &amp; Kambodscha (2016) Eine Reise entlang des Mekong. Wir starten im Norden bei Luang Prabang, die Reise endet in Bangkok 2016 \u2013 Laos &amp; Kambodscha Schottland (2017) (MOTORRAD) Eine Reise ins Land der Schottenr\u00f6cke und der frittierten Marsriegel 2017 \u2013 Schottland (Motorrad) Mexiko &#8211; Yukatan (2018) 3 Wochen bei den Mayas. 2018 Mexiko S\u00fcdamerika (November 2018-Februar 2019) (MOTORRAD) in 3 Monaten durch 4 L\u00e4nder S\u00fcdamerikas : Chile, Argentinien, Bolivien und Peru 2018\/2019 \u2013 S\u00fcdamerika (Motorrad) Deutschland &#8211; Rheinsteig (2019) Toller Wanderurlaub entlang des Rheins Tunesien &#8211; W\u00fcste Sahara (2020) Ein Traum wurde wahr. Mit Beduinen und Kamelen ziehe ich durch die W\u00fcste. 2020 Tunesien Slowakei (2020) Erneut ein Wanderurlaub in der Hohen Tatra mit Moni Kroatien &#8211; Rab (2021) Badeurlaub mit Familienzusammenf\u00fchrung USA-Pennsylvania (2021) Familienbesuch im Westen der USA Island (Juli 2022 &#8211; August 2022) (MOTORRAD) Nach Jahren mit Coronabeschr\u00e4nkungen gehts wieder los zur gr\u00f6\u00dften Vulkaninsel der Welt 2022 \u2013 Island (Motorrad)<\/p>\n","protected":false},"author":1,"featured_media":0,"parent":0,"menu_order":1,"comment_status":"closed","ping_status":"closed","template":"","meta":{"_bbp_topic_count":0,"_bbp_reply_count":0,"_bbp_total_topic_count":0,"_bbp_total_reply_count":0,"_bbp_voice_count":0,"_bbp_anonymous_reply_count":0,"_bbp_topic_count_hidden":0,"_bbp_reply_count_hidden":0,"_bbp_forum_subforum_count":0,"footnotes":""},"class_list":["post-273","page","type-page","status-publish","hentry"],"_links":{"self":[{"href":"https:\/\/hobbesontour.com\/index.php?rest_route=\/wp\/v2\/pages\/273","targetHints":{"allow":["GET"]}}],"collection":[{"href":"https:\/\/hobbesontour.com\/index.php?rest_route=\/wp\/v2\/pages"}],"about":[{"href":"https:\/\/hobbesontour.com\/index.php?rest_route=\/wp\/v2\/types\/page"}],"author":[{"embeddable":true,"href":"https:\/\/hobbesontour.com\/index.php?rest_route=\/wp\/v2\/users\/1"}],"replies":[{"embeddable":true,"href":"https:\/\/hobbesontour.com\/index.php?rest_route=%2Fwp%2Fv2%2Fcomments&post=273"}],"version-history":[{"count":29,"href":"https:\/\/hobbesontour.com\/index.php?rest_route=\/wp\/v2\/pages\/273\/revisions"}],"predecessor-version":[{"id":1840,"href":"https:\/\/hobbesontour.com\/index.php?rest_route=\/wp\/v2\/pages\/273\/revisions\/1840"}],"wp:attachment":[{"href":"https:\/\/hobbesontour.com\/index.php?rest_route=%2Fwp%2Fv2%2Fmedia&parent=273"}],"curies":[{"name":"wp","href":"https:\/\/api.w.org\/{rel}","templated":true}]}}